{"id":37402,"date":"2025-07-05T14:33:53","date_gmt":"2025-07-05T12:33:53","guid":{"rendered":"https:\/\/www.antipodes.cafe\/souvenirs\/sin%20categor\u00eda\/kjolen-til-mamma\/"},"modified":"2025-07-06T09:57:35","modified_gmt":"2025-07-06T07:57:35","slug":"kjolen-til-mamma","status":"publish","type":"product","link":"https:\/\/www.antipodes.cafe\/es\/souvenirs\/publication-es\/kjolen-til-mamma\/","title":{"rendered":"KJOLEN TIL MAMMA"},"content":{"rendered":"<p>El vestido de mam\u00e1 es una historia escrita por Dani Umpi, ilustrada por Rodrigo Moraes y publicada originalmente por Criatura Editora a fines de 2011, coincidiendo casualmente con el mmomento fundacional de antipodes caf\u00e9.<\/p>\n<p>En honor a toda el agua que ha pasado bajo \u2014y sobre\u2014 los puentes desde entonces, acordamos con quienes hicieron posible el libro editar una versi\u00f3n noruega, sin fines de lucro, como todo lo que hicimos y todo lo que haremos.<\/p>\n<p>La historia sigue a un ni\u00f1o en un recorrido imaginativo y tierno, centrado en un hermoso vestido y su m\u00e1gico g\u00e9nero; explora con sensibilidad temas como el g\u00e9nero, la identidad, la aceptaci\u00f3n, la curiosidad y el valor de cada d\u00eda. Algo que nos define.<\/p>\n<p>Nuestra edici\u00f3n incluye cuidadosas decisiones de dise\u00f1o, pero lo que realmente la distingue es la traducci\u00f3n al nuevo noruego, el nynorsk.<br \/>\n<em><br \/>\n    \u201cDet er mange ting eg ikkje skj\u00f8nar, som maskinar som vaskar utan vatn.\u201d<\/em><\/p>\n","protected":false},"excerpt":{"rendered":"<p><strong>Dani Umpi &amp; Rodrigo Moraes \u00a9 2011.<br \/>\n\u2014<\/strong><br \/>\n1. NYNORK UTG\u00c5VE: antipodes caf\u00e9, 2025.<br \/>\nORIGINALTITTEL: EL VESTIDO DE MAM\u00c1. (2011 <a href=\"https:\/\/www.criatura.com.uy\/fondo-editorial\/el-vestido-de-mama.html\" target=\"_blank\" rel=\"noopener\">Criatura Editora)<\/a><br \/>\nOMSETJARAR: antipodes caf\u00e9 og mange vener.<br \/>\nTRYKT; Artes Gr\u00e1ficas Palermo, Madrid 2025.<br \/>\nISBN: 978\u00b782\u00b7692197\u00b75\u00b73<br \/>\n\u2014<br \/>\nTo Lou \u2764\ufe0f<\/p>\n","protected":false},"featured_media":37400,"template":"","meta":{"ngg_post_thumbnail":0},"product_brand":[],"product_cat":[791],"product_tag":[],"class_list":{"0":"post-37402","1":"product","2":"type-product","3":"status-publish","4":"has-post-thumbnail","6":"product_cat-publication-es","7":"product_shipping_class-no-1k2cm-es","9":"first","10":"instock","11":"shipping-taxable","12":"purchasable","13":"product-type-simple"},"_links":{"self":[{"href":"https:\/\/www.antipodes.cafe\/es\/wp-json\/wp\/v2\/product\/37402","targetHints":{"allow":["GET"]}}],"collection":[{"href":"https:\/\/www.antipodes.cafe\/es\/wp-json\/wp\/v2\/product"}],"about":[{"href":"https:\/\/www.antipodes.cafe\/es\/wp-json\/wp\/v2\/types\/product"}],"wp:featuredmedia":[{"embeddable":true,"href":"https:\/\/www.antipodes.cafe\/es\/wp-json\/wp\/v2\/media\/37400"}],"wp:attachment":[{"href":"https:\/\/www.antipodes.cafe\/es\/wp-json\/wp\/v2\/media?parent=37402"}],"wp:term":[{"taxonomy":"product_brand","embeddable":true,"href":"https:\/\/www.antipodes.cafe\/es\/wp-json\/wp\/v2\/product_brand?post=37402"},{"taxonomy":"product_cat","embeddable":true,"href":"https:\/\/www.antipodes.cafe\/es\/wp-json\/wp\/v2\/product_cat?post=37402"},{"taxonomy":"product_tag","embeddable":true,"href":"https:\/\/www.antipodes.cafe\/es\/wp-json\/wp\/v2\/product_tag?post=37402"}],"curies":[{"name":"wp","href":"https:\/\/api.w.org\/{rel}","templated":true}]}}