{"id":37278,"date":"2020-10-19T15:53:00","date_gmt":"2020-10-19T13:53:00","guid":{"rendered":"https:\/\/www.antipodes.cafe\/souvenirs\/sin%20categor\u00eda\/vi-aebod-reshow\/"},"modified":"2025-03-11T01:13:03","modified_gmt":"2025-03-11T00:13:03","slug":"vi-aebod-reshow","status":"publish","type":"product","link":"https:\/\/www.antipodes.cafe\/es\/souvenirs\/impresiones\/vi-aebod-reshow\/","title":{"rendered":"VI. \u00e6Bod-reshow"},"content":{"rendered":"<p>Reporte sobre el programa del dep\u00f3sito de la casa dispersa de antipodes caf\u00e9.<\/p>\n<p><a href=\"https:\/\/www.antipodes.cafe\/souvenirs\/pdf\/9788269219722\/\"><button>View online<\/button><\/a><\/p>\n<hr>\n<p><strong>Distribuci\u00f3n:<\/strong><\/p>\n<ul>\n<li><a href=\"https:\/\/www.munchmuseet.no\/en\/webshop\/\" target=\"_blank\" rel=\"noopener\"><strong>Munch Museum Oslo<\/strong><\/a><\/li>\n<li><a href=\"https:\/\/www.kunsthall.no\/en\/\">Bergen Kunsthall<\/a><\/li>\n<li><a href=\"http:\/\/www.kunstsenter.no\/\">Hordaland kunstsenter<\/a><\/li>\n<li><a href=\"https:\/\/trondhjemskunstforening.wordpress.com\/salg-av-kunst\/\">Trondhjems Kunstforening<\/a><\/li>\n<li><a href=\"http:\/\/www.tromsokunstforening.no\/default.asp?cmd=660\">Troms\u00f8 Kunstforening<\/a><\/li>\n<li>\u2026<\/li>\n<\/ul>\n","protected":false},"excerpt":{"rendered":"<ul>\n<li>ISBN 978\u00b782\u00b7692191\u00b75\u00b79 [print]<\/li>\n<li>1\u00aa edici\u00f3n<\/li>\n<li>1000 copias<\/li>\n<li>72 p\u00e1ginas + tapas<\/li>\n<li><strong>Papel hecho de desechos de cosechas<\/strong>\n<ul>\n<li>Tapas: 345 gr<\/li>\n<li>P\u00e1ginas: 90 gr<\/li>\n<\/ul>\n<\/li>\n<li>HUV Offset<\/li>\n<li>Impreso en Noruega<\/li>\n<li>Oslo, 2020<\/li>\n<\/ul>\n","protected":false},"featured_media":37211,"template":"","meta":{"ngg_post_thumbnail":0},"product_brand":[],"product_cat":[712,791],"product_tag":[773,772],"class_list":{"0":"post-37278","1":"product","2":"type-product","3":"status-publish","4":"has-post-thumbnail","6":"product_cat-impresiones","7":"product_cat-publication-es","8":"product_tag-realidad-ficcion","9":"product_tag-souvenir","10":"product_shipping_class-no-20g2cm-es","12":"first","13":"instock","14":"purchasable","15":"product-type-simple"},"_links":{"self":[{"href":"https:\/\/www.antipodes.cafe\/es\/wp-json\/wp\/v2\/product\/37278","targetHints":{"allow":["GET"]}}],"collection":[{"href":"https:\/\/www.antipodes.cafe\/es\/wp-json\/wp\/v2\/product"}],"about":[{"href":"https:\/\/www.antipodes.cafe\/es\/wp-json\/wp\/v2\/types\/product"}],"wp:featuredmedia":[{"embeddable":true,"href":"https:\/\/www.antipodes.cafe\/es\/wp-json\/wp\/v2\/media\/37211"}],"wp:attachment":[{"href":"https:\/\/www.antipodes.cafe\/es\/wp-json\/wp\/v2\/media?parent=37278"}],"wp:term":[{"taxonomy":"product_brand","embeddable":true,"href":"https:\/\/www.antipodes.cafe\/es\/wp-json\/wp\/v2\/product_brand?post=37278"},{"taxonomy":"product_cat","embeddable":true,"href":"https:\/\/www.antipodes.cafe\/es\/wp-json\/wp\/v2\/product_cat?post=37278"},{"taxonomy":"product_tag","embeddable":true,"href":"https:\/\/www.antipodes.cafe\/es\/wp-json\/wp\/v2\/product_tag?post=37278"}],"curies":[{"name":"wp","href":"https:\/\/api.w.org\/{rel}","templated":true}]}}