{"id":37206,"date":"2023-10-24T13:54:45","date_gmt":"2023-10-24T11:54:45","guid":{"rendered":"https:\/\/www.antipodes.cafe\/souvenirs\/sin%20categor\u00eda\/morsmasldagenfargeleggingsboka\/"},"modified":"2025-03-10T18:47:04","modified_gmt":"2025-03-10T17:47:04","slug":"morsmasldagenfargeleggingsboka","status":"publish","type":"product","link":"https:\/\/www.antipodes.cafe\/es\/souvenirs\/illustration-es\/morsmasldagenfargeleggingsboka\/","title":{"rendered":"MORSM\u00c5SLDAGEN- FARGELEGGINGSBOKA!"},"content":{"rendered":"<p>MORSM\u00c5SLDAGENFARGELEGGINGSBOKA! o en otras palabras, el libro para colorear del d\u00eda internacional de la lengua materna! <\/p>\n<p>Realizado en colaboraci\u00f3n con Det fleresp\u00e5klige bibliotek, de la Biblioteca Nacional de Noruega, esta publicaci\u00f3n de tapas blandas incluye ilustraciones realizadas por antipodes caf\u00e9 para el d\u00eda internacional de la lengua materna. <\/p>\n<p>Los dibujos presentan interpretaciones de diversas palabras \u2013tambi\u00e9n ilustradas en sus idiomas originales\u2013 cuya traducci\u00f3n al noruego no puede ser realizada en una \u00fanica palabra. Las definiciones est\u00e1n incluidas en Noruego Bokm\u00e5l.<\/p>\n","protected":false},"excerpt":{"rendered":"<p>\u2022 48 p\u00e1ginas<br \/>\n\u2022 28 palabras \u00fanicas ilustradas <\/p>\n<p>Oslo, Nov. 2023<\/p>\n","protected":false},"featured_media":36680,"template":"","meta":{"ngg_post_thumbnail":0},"product_brand":[],"product_cat":[782,791],"product_tag":[825],"class_list":{"0":"post-37206","1":"product","2":"type-product","3":"status-publish","4":"has-post-thumbnail","6":"product_cat-illustration-es","7":"product_cat-publication-es","8":"product_tag-publication-es","10":"first","11":"outofstock","12":"purchasable","13":"product-type-simple"},"_links":{"self":[{"href":"https:\/\/www.antipodes.cafe\/es\/wp-json\/wp\/v2\/product\/37206","targetHints":{"allow":["GET"]}}],"collection":[{"href":"https:\/\/www.antipodes.cafe\/es\/wp-json\/wp\/v2\/product"}],"about":[{"href":"https:\/\/www.antipodes.cafe\/es\/wp-json\/wp\/v2\/types\/product"}],"wp:featuredmedia":[{"embeddable":true,"href":"https:\/\/www.antipodes.cafe\/es\/wp-json\/wp\/v2\/media\/36680"}],"wp:attachment":[{"href":"https:\/\/www.antipodes.cafe\/es\/wp-json\/wp\/v2\/media?parent=37206"}],"wp:term":[{"taxonomy":"product_brand","embeddable":true,"href":"https:\/\/www.antipodes.cafe\/es\/wp-json\/wp\/v2\/product_brand?post=37206"},{"taxonomy":"product_cat","embeddable":true,"href":"https:\/\/www.antipodes.cafe\/es\/wp-json\/wp\/v2\/product_cat?post=37206"},{"taxonomy":"product_tag","embeddable":true,"href":"https:\/\/www.antipodes.cafe\/es\/wp-json\/wp\/v2\/product_tag?post=37206"}],"curies":[{"name":"wp","href":"https:\/\/api.w.org\/{rel}","templated":true}]}}