{"id":34963,"date":"2022-10-06T00:08:44","date_gmt":"2022-10-05T22:08:44","guid":{"rendered":"https:\/\/www.antipodes.cafe\/souvenirs\/sin%20categor\u00eda\/deuro\/"},"modified":"2024-03-19T16:35:47","modified_gmt":"2024-03-19T15:35:47","slug":"deuro","status":"publish","type":"product","link":"https:\/\/www.antipodes.cafe\/es\/souvenirs\/miscelaneas\/deuro\/","title":{"rendered":"d\u0115\u016bro"},"content":{"rendered":"<p><strong>d\u0115\u016bro<\/strong> (<span style=\"color: #ff0000; letter-spacing: -0.5em;\"><strong>D<\/strong><\/span><span style=\"color: #ff0000;\"><strong>=<\/strong><\/span>)<\/p>\n<p><strong>Dise\u00f1o (referencias):<\/strong> Moneda \u201cSUD\u201d del general insurgente Jos\u00e9 Mar\u00eda Morelos (Tixtla, 1811) [dominio p\u00fablico] y la cara com\u00fan de la primera edici\u00f3n de la moneda de 1 euro [Reproducci\u00f3n autorizada. <a href=\"https:\/\/economy-finance.ec.europa.eu\/euro\/euro-coins-and-notes\/copyright-and-reproduction-rules-euro-coins-and-notes_en\" target=\"_blank\" rel=\"noopener\">Propiedad intelectual: <\/a>UE, representada en Espa\u00f1a por la DGTPF]<\/p>\n<hr \/>\n<p><em><strong>\u2022 Contenido por d\u0115\u016bro<br \/>\n<\/strong><\/em>&#8211; 2,5gr chocolate con leche (m\u00ednimo 30% cacao).<br \/>\n~ 1 semilla de cacao africano.<\/p>\n<p>Cacao (manteca y pasta), leche en polvo (entera y descremada), az\u00facar, lecitina de soja [emulgente], aroma y sal.<br \/>\nPuede contener trazas de frutos secos, cacahuetes y trabajo forzoso infantil.<\/p>\n<p><strong>\u2022 Valores nutricionales:<\/strong><br \/>\nEnerg\u00eda 14,5 kcal \/ 60 kJ<br \/>\nGrasas 0.975 g<br \/>\nGrasas saturadas 0.625 g<br \/>\nAz\u00facar 1.175 g<br \/>\nProte\u00ednas 0.175 g<br \/>\nSal 0.005 g<\/p>\n<p>\u2022 Consumo diario recomendado: <strong>0.<\/strong> De hacerlo, recomendamos sea antes de octubre 2024.<\/p>\n<p>\u2022 Con tu apoyo adem\u00e1s del <strong>d\u0115\u016bro<\/strong> escogido recibir\u00e1s un folleto.<\/p>\n<hr \/>\n<p><strong>\u2022 EDICI\u00d3N ESPECIAL:<\/strong><br \/>\n&#8211; 100 <em><span style=\"letter-spacing: -0.5em;\">D<\/span>=<\/em> <em>en c\u00e1psulas de pl\u00e1stico transparente.<\/em><br \/>\n&#8211; 10<em> <span style=\"letter-spacing: -0.5em;\">D<\/span>= en cajas especiales de madera.<br \/>\n\u2014<br \/>\n<\/em><\/p>\n<p><strong>d\u0115\u016bro<\/strong><br \/>\nPrimera edici\u00f3n: 6000 <em><span style=\"letter-spacing: -0.5em;\">D<\/span>=.<br \/>\n<\/em>Fabricados en Madrid, 2022.10<br \/>\nLanzamiento: Logro\u00f1o 2022.11<br \/>\n<em>Valor fijo en 1\u20ac.<\/em><\/p>\n<p><strong>Unidades monetarias por <\/strong><strong>d\u0115\u016bro<\/strong><br \/>\nCorona checa CZK 24.6 K\u010d<br \/>\nCorona danesa DKK 7.44 kr<br \/>\nCorona islandesa ISK 142. kr<br \/>\nCorona noruega NOK 10.4 kr<br \/>\nCorona sueca SEK 11.7 kr<br \/>\nDenar macedonio MKD 61.3 \u0414\u0435\u043d<br \/>\nDinar serbio RSD 117. \u0414\u0438\u043d<br \/>\nDram armenio AMD 393. \u058f<br \/>\nEsloti PLN 4.84 z\u0142<br \/>\nEuro EUR 1.00 \u20ac<br \/>\nFranco suizo CHF 0.96 chf<br \/>\nForinto h\u00fangaro HUF 426. Ft<br \/>\nKuna croata HRK 7.53 kn<br \/>\nLari georgiano GEL 2.70 \u20be<br \/>\nLek alban\u00e9s ALL 120. L<br \/>\nLeu moldavo MDL 18.9 LM<br \/>\nLeu rumano RON 4.94 lei<br \/>\nLeva b\u00falgara BGN 1.96 \u043b\u0432<br \/>\nLibra esterlina GBP 0.88 \u00a3<br \/>\nLira turca TRY 18.2 \u20ba<br \/>\nMarco convertible BAM 1.95 KM<br \/>\nRublo bielorruso BYN 2.60 Br.\u20bd<br \/>\nRublo ruso RUB 60.5 \u20bd<br \/>\nTenge kasajo KZT 461. \u20b8<\/p>\n<p>\u2014<br \/>\nGranos de cacao por de\u016br\u014d 274.<\/p>\n<hr \/>\n<p>&nbsp;<\/p>\n","protected":false},"excerpt":{"rendered":"<p>El <strong>d\u0115\u016bro<\/strong> no es una moneda, ni una medalla. Es un disco de chocolate con leche envuelto en papel de aluminio. No es moneda de curso legal, ni dinero falsificado, ni un objeto destinado a transacciones. No hacemos moneda falsa, El DE\u016aR\u014c es simplemente uno de los comentarios sobre colonialismo de nuestra serie \u00ab<a href=\"https:\/\/www.antipodes.cafe\/illegal-tender\/\">illegal tender<\/a>\u00bb<\/p>\n<hr \/>\n<p><strong>d\u0115\u016bro <\/strong>(Latin. verbo)<\/p>\n<p><em>\u2022 incendiar o consumir.<br \/>\n<\/em><em>\u2022 destruir o marchitar.<\/em><\/p>\n<p><small><strong>Fuente:<\/strong> Lewis, Ch. &amp; Short, Ch. \u00abA Latin Dictionary\u00bb<br \/>\nClarendon Press, Oxford, 1879. [texto traducido, \u00e6 2022]<br \/>\n<\/small><\/p>\n<hr \/>\n<p>&nbsp;<\/p>\n","protected":false},"featured_media":36045,"template":"","meta":{"ngg_post_thumbnail":0},"product_brand":[],"product_cat":[788],"product_tag":[770,773],"class_list":{"0":"post-34963","1":"product","2":"type-product","3":"status-publish","4":"has-post-thumbnail","6":"product_cat-miscelaneas","7":"product_tag-originales","8":"product_tag-realidad-ficcion","9":"product_shipping_class-no-20g7cm-es","11":"first","12":"instock","13":"taxable","14":"shipping-taxable","15":"purchasable","16":"product-type-variable"},"_links":{"self":[{"href":"https:\/\/www.antipodes.cafe\/es\/wp-json\/wp\/v2\/product\/34963","targetHints":{"allow":["GET"]}}],"collection":[{"href":"https:\/\/www.antipodes.cafe\/es\/wp-json\/wp\/v2\/product"}],"about":[{"href":"https:\/\/www.antipodes.cafe\/es\/wp-json\/wp\/v2\/types\/product"}],"wp:featuredmedia":[{"embeddable":true,"href":"https:\/\/www.antipodes.cafe\/es\/wp-json\/wp\/v2\/media\/36045"}],"wp:attachment":[{"href":"https:\/\/www.antipodes.cafe\/es\/wp-json\/wp\/v2\/media?parent=34963"}],"wp:term":[{"taxonomy":"product_brand","embeddable":true,"href":"https:\/\/www.antipodes.cafe\/es\/wp-json\/wp\/v2\/product_brand?post=34963"},{"taxonomy":"product_cat","embeddable":true,"href":"https:\/\/www.antipodes.cafe\/es\/wp-json\/wp\/v2\/product_cat?post=34963"},{"taxonomy":"product_tag","embeddable":true,"href":"https:\/\/www.antipodes.cafe\/es\/wp-json\/wp\/v2\/product_tag?post=34963"}],"curies":[{"name":"wp","href":"https:\/\/api.w.org\/{rel}","templated":true}]}}