{"id":27478,"date":"2019-03-29T10:00:21","date_gmt":"2019-03-29T09:00:21","guid":{"rendered":"https:\/\/www.antipodes.cafe\/souvenirs\/sin%20categor\u00eda\/aestudio-open-apne-poster\/"},"modified":"2022-10-10T23:55:28","modified_gmt":"2022-10-10T21:55:28","slug":"aestudio-poster-copia","status":"publish","type":"product","link":"https:\/\/www.antipodes.cafe\/es\/souvenirs\/collage-es\/aestudio-poster-copia\/","title":{"rendered":"\u00e6Studio: \u00e5pne, \u00e5pen, open, \u00e5pnet!"},"content":{"rendered":"<ul>\n<li>Printed copy of a collage made at \u00e6Studio for its pavement sign.<\/li>\n<\/ul>\n<p>Exhibitions:<br \/>\n2019.04 &#8211; \u201c<a href=\"https:\/\/www.antipodes.cafe\/es\/exhibition\/pintxo-poster\/\">PINTXO POSTER<\/a>\u201d Lantoki, Tabakalera, Donostia, Basque Country. (Photos: Niko Iturralde)<br \/>\n2020.01 &#8211; \u00abentrance\u00bb. \u00e6Stue, Oslo, Norway.<br \/>\n2021(*) &#8211; \u00abLahti Poster Triennale 2021\u00bb (* postponed to April\u2013August 2022), Lahti Poster Museum, Lahti, Finland.<br \/>\n2022.10-11 &#8211; \u00abCiudades Abiertas\u00bb, Plaza Juan Goytisolo Square and Plaza de Oriente, Madrid, Spain.<br \/>\n2022.12-2023.03 \u00abantipodes caf\u00e9 &#038; souvenirs\u00bb, OBRADOR, Montevideo, Uruguay.<\/li>\n<\/ul>\n","protected":false},"excerpt":{"rendered":"<div class=\"woocommerce-product-details__short-description\">\n<ul>\n<li>HQ digital print CMYK<\/li>\n<li>Paper 120 gr\/m2<\/li>\n<li>Edition of 10<\/li>\n<li>Printed in Oslo, 2019.03<\/li>\n<\/ul>\n<\/div>\n","protected":false},"featured_media":25317,"template":"","meta":{"ngg_post_thumbnail":0},"product_brand":[],"product_cat":[777,712],"product_tag":[771],"class_list":{"0":"post-27478","1":"product","2":"type-product","3":"status-publish","4":"has-post-thumbnail","6":"product_cat-collage-es","7":"product_cat-impresiones","8":"product_tag-afiches","9":"product_shipping_class-no1k-big-es","11":"first","12":"instock","13":"sale","14":"sold-individually","15":"taxable","16":"shipping-taxable","17":"purchasable","18":"product-type-simple"},"_links":{"self":[{"href":"https:\/\/www.antipodes.cafe\/es\/wp-json\/wp\/v2\/product\/27478","targetHints":{"allow":["GET"]}}],"collection":[{"href":"https:\/\/www.antipodes.cafe\/es\/wp-json\/wp\/v2\/product"}],"about":[{"href":"https:\/\/www.antipodes.cafe\/es\/wp-json\/wp\/v2\/types\/product"}],"wp:featuredmedia":[{"embeddable":true,"href":"https:\/\/www.antipodes.cafe\/es\/wp-json\/wp\/v2\/media\/25317"}],"wp:attachment":[{"href":"https:\/\/www.antipodes.cafe\/es\/wp-json\/wp\/v2\/media?parent=27478"}],"wp:term":[{"taxonomy":"product_brand","embeddable":true,"href":"https:\/\/www.antipodes.cafe\/es\/wp-json\/wp\/v2\/product_brand?post=27478"},{"taxonomy":"product_cat","embeddable":true,"href":"https:\/\/www.antipodes.cafe\/es\/wp-json\/wp\/v2\/product_cat?post=27478"},{"taxonomy":"product_tag","embeddable":true,"href":"https:\/\/www.antipodes.cafe\/es\/wp-json\/wp\/v2\/product_tag?post=27478"}],"curies":[{"name":"wp","href":"https:\/\/api.w.org\/{rel}","templated":true}]}}