{"id":27477,"date":"2019-01-12T10:00:34","date_gmt":"2019-01-12T09:00:34","guid":{"rendered":"https:\/\/www.antipodes.cafe\/souvenirs\/sin%20categor\u00eda\/aestudio-apne-apen-open-apnet-original\/"},"modified":"2022-04-11T17:57:48","modified_gmt":"2022-04-11T15:57:48","slug":"aestudio-afiche-original","status":"publish","type":"product","link":"https:\/\/www.antipodes.cafe\/es\/souvenirs\/collage-es\/aestudio-afiche-original\/","title":{"rendered":"\u00e6Studio: \u00e5pne, \u00e5pen, open, \u00e5pnet! (ORIGINAL)"},"content":{"rendered":"<p>Collage made at \u00e6Studio for its pavement sign.<\/p>\n<p>This original was featured in the exhibition \u201c<a href=\"https:\/\/www.antipodes.cafe\/es\/exhibition\/pintxo-poster\/\">PINTXO POSTER<\/a>\u201d (April 2019, Lantoki, Tabakalera, Donostia, Basque Country. Photos: Niko Iturralde)<\/p>\n<p>A copy of this poster was exhibited at \u00e6Stue in its last days in 2020, and later on selected to participate in the <a href=\"https:\/\/www.malvamuseo.fi\/en\/exhibitions\/lahti-international-poster-triennial\/\" rel=\"noopener\" target=\"_blank\">Lahti poster Triennale 2021<\/a> (postponed to April 2021, Lahti, Finland.)<\/p>\n<p>Sun, snow, rain and dust were part of the street school of this image.<\/p>\n","protected":false},"excerpt":{"rendered":"<div class=\"woocommerce-product-details__short-description\">\n<ul>\n<li>Collage including yellow vinyl (\u00abyellow\u00bb), brown vinyl (\u00abgratis\u00bb) diverse prints in coated and matte paper, and one photocopy on a yellow paper.<\/li>\n<li>Background paper: white 250 gr\/m2<\/li>\n<li>Frame not included<\/li>\n<li>1 Original<\/li>\n<li>Oslo, 2019.01<\/li>\n<\/ul>\n<\/div>\n","protected":false},"featured_media":25317,"template":"","meta":{"ngg_post_thumbnail":0},"product_brand":[],"product_cat":[777],"product_tag":[771],"class_list":{"0":"post-27477","1":"product","2":"type-product","3":"status-publish","4":"has-post-thumbnail","6":"product_cat-collage-es","7":"product_tag-afiches","8":"product_shipping_class-registered-maxi-es","10":"first","11":"instock","12":"sold-individually","13":"taxable","14":"shipping-taxable","15":"purchasable","16":"product-type-simple"},"_links":{"self":[{"href":"https:\/\/www.antipodes.cafe\/es\/wp-json\/wp\/v2\/product\/27477","targetHints":{"allow":["GET"]}}],"collection":[{"href":"https:\/\/www.antipodes.cafe\/es\/wp-json\/wp\/v2\/product"}],"about":[{"href":"https:\/\/www.antipodes.cafe\/es\/wp-json\/wp\/v2\/types\/product"}],"wp:featuredmedia":[{"embeddable":true,"href":"https:\/\/www.antipodes.cafe\/es\/wp-json\/wp\/v2\/media\/25317"}],"wp:attachment":[{"href":"https:\/\/www.antipodes.cafe\/es\/wp-json\/wp\/v2\/media?parent=27477"}],"wp:term":[{"taxonomy":"product_brand","embeddable":true,"href":"https:\/\/www.antipodes.cafe\/es\/wp-json\/wp\/v2\/product_brand?post=27477"},{"taxonomy":"product_cat","embeddable":true,"href":"https:\/\/www.antipodes.cafe\/es\/wp-json\/wp\/v2\/product_cat?post=27477"},{"taxonomy":"product_tag","embeddable":true,"href":"https:\/\/www.antipodes.cafe\/es\/wp-json\/wp\/v2\/product_tag?post=27477"}],"curies":[{"name":"wp","href":"https:\/\/api.w.org\/{rel}","templated":true}]}}