{"id":27465,"date":"2022-04-04T10:00:51","date_gmt":"2022-04-04T08:00:51","guid":{"rendered":"https:\/\/www.antipodes.cafe\/souvenirs\/sin%20categor\u00eda\/el_yuyo_y_el_juego\/"},"modified":"2022-04-08T06:59:03","modified_gmt":"2022-04-08T04:59:03","slug":"el_yuyo_y_el_juego","status":"publish","type":"product","link":"https:\/\/www.antipodes.cafe\/es\/souvenirs\/publication-es\/el_yuyo_y_el_juego\/","title":{"rendered":"el yuyo y el juego"},"content":{"rendered":"<p><strong>Celebrando el primer decenio, antipodes caf\u00e9 presenta: \u00abel yuyo y el juego\u00bb  <\/strong><\/p>\n<p>Con una deliberada apariencia pastrana, esta inescrutable edici\u00f3n entrevera materiales y procesos industriales con artesanales, as\u00ed como t\u00e9cnicas de impresi\u00f3n tradicional, obsoleta y de avanzada para presentar al <strong>\u00ab<a href=\"https:\/\/www.antipodes.cafe\/yuyo-manifesto\/\">manifiesto yuyo<\/a>\u00ab<\/strong> tanto en forma como en contenido.<\/p>\n<p>La lista de atributos sobre las presuntas malas hierbas que define este manifiesto quiz\u00e1s \u00fatil para cr\u00edtica social, revela conceptos estrat\u00e9gicos de la obra y <em>modus operandi<\/em> de antipodes caf\u00e9.<\/p>\n<p>La publicaci\u00f3n incluye el manifiesto en idiomas de lugares donde antipodes caf\u00e9 realizara sus variopintos comentarios durante la pasada d\u00e9cada, y la invitaci\u00f3n a apercibirle en su apropiaci\u00f3n. Siguiendo estas instrucciones, y utilizando las herramientas incluidas, se puede poner el manifiesto en acci\u00f3n.(*) Tambi\u00e9n una puede corregirlo, modificarlo y hasta incluso germinarlo, ya que el papel artesanal utilizado incluye diversas semillas de 10 especies de plantas de flores silvestres. (**)<\/p>\n<p>\u2014<\/p>\n<h5><span style=\"color: #ff0000;\">(*) SELLOS<\/span><\/h5>\n<p>Utilizando la esponja con tinta china y los sellos de goma y madera incluidos, una puede seguir las instrucciones ilustradas en el panfleto y estampar el \u00abmanifiesto yuyo\u00bb en el canto de 14 libros, o donde se te cante!<br \/>\nEl texto original est\u00e1 en Espa\u00f1ol, pues fue urdido colectivamente en un taller dirigido por antipodes caf\u00e9 en Madrid; y en el reverso del panfleto lo encontrar\u00e1s en 8 idiomas (Gales, Vasco, Ingl\u00e9s, Polaco, Alem\u00e1n, Portugu\u00e9s, Franc\u00e9s y Noruego)<br \/>\nLos sellos no incluyen las letras \u0104, \u0118, \u0141, \u017b\u00a0 pero son f\u00e1ciles de crear con un mondadientes y las letras similares. Lo mismo para todo signo diacr\u00edtico.<\/p>\n<p>\u2014<\/p>\n<h5><span style=\"color: #ff0000;\">(**) PAPEL PLANTABLE<\/span><\/h5>\n<p>Flores ser\u00e1s con tu prima Vera. El papel artesanal nepal\u00e9s Lokta (NTFP), hecho a mano con corteza de matorrales salvajes de Daphne (especie subutilizada) incluye semillas de 10 plantas de flores silvestres de Am\u00e9rica: <a href=\"https:\/\/www.wikiwand.com\/en\/Antirrhinum\" target=\"_blank\" rel=\"noopener\">Antirrhinum<\/a>, <a href=\"https:\/\/www.wikiwand.com\/en\/Petunia\">Petunia<\/a>, <a href=\"https:\/\/www.wikiwand.com\/en\/Penstemon\">Penstemon<\/a>, <a href=\"https:\/\/www.wikiwand.com\/en\/Melampodium_leucanthum\">Melampodium leucanthum<\/a>, <a href=\"https:\/\/www.wikiwand.com\/en\/Monarda\">Monarda<\/a>, <a href=\"https:\/\/www.wikiwand.com\/en\/Papaveraceae\">Papaveraceae<\/a>, <a href=\"https:\/\/www.wikiwand.com\/en\/Digitalis_purpurea\">Digitalis purpurea<\/a>, <a href=\"https:\/\/www.wikiwand.com\/en\/Chamaemelum_nobile\">Chamaemelum nobile<\/a>, <a href=\"https:\/\/www.wikiwand.com\/en\/Dianthus_repens\" target=\"_blank\" rel=\"noopener\">Dianthus repens<\/a> and <a href=\"https:\/\/www.wikiwand.com\/en\/Silene_conoidea\">weed silene<\/a>. Estas especies perennes toleran sombra parcial y precisan de solo cuatro horas al d\u00eda de sol directo. Para germinar las semillas es simplemente plantar el papel biodegradable en un pote con tierra h\u00fameda. El panfleto fue impreso en risograf\u00eda con tintas en base de aceite de la parte no comestible del salvado de arroz. Tanto el papel como la tinta se convertir\u00e1n en abono.<\/p>\n","protected":false},"excerpt":{"rendered":"<ul>\n<li>ISBN 978\u00b782\u00b7692191\u00b75\u00b79<\/li>\n<li>1\u00aa edition<\/li>\n<li>Copias numeradas a mano<\/li>\n<\/ul>\n<p>&nbsp;<\/p>\n<ul>\n<li>Cajita de madera:\n<ul>\n<li>Impresa en NTM, Oslo.<\/li>\n<li>Precinto de papel lokta<\/li>\n<\/ul>\n<\/li>\n<li>Set de sellos de goma y madera:\n<ul>\n<li>alfabeto<\/li>\n<\/ul>\n<\/li>\n<li>Tinta china y esponja<\/li>\n<li>Panfleto:\n<ul>\n<li>Papel Plantable Lokta\n<ul>\n<li>NTFP.<\/li>\n<li>Incluye diversas semillas (10 flores silvestres).<\/li>\n<\/ul>\n<\/li>\n<li>Risograf\u00eda (2 tintas verdes con base en aceite de salvado de arroz).<\/li>\n<li>Impreso en <em>Do The Print,<\/em> Barcelona.<\/li>\n<li>1 papel<\/li>\n<li>Impresi\u00f3n en dos caras <\/li>\n<li>Doblez: 10 partes iguales (84 x 39 mm).<\/li>\n<li><em>\u00abmanifiesto yuyo\u00bb:<\/em> Espa\u00f1ol, Ingl\u00e9s, Franc\u00e9s, Portugu\u00e9s, Alem\u00e1n, Polaco, Vasco, Gal\u00e9s y Noruego.<\/li>\n<\/ul>\n<\/li>\n<\/ul>\n<ul>\n<li>Oslo, 2022.<\/li>\n<\/ul>\n<hr \/>\n<h5><span style=\"color: #ff0000;\">GRACIAS<\/span><\/h5>\n<p>\u2022 Alberto Nanclares<br \/>\n\u2022 Francisco Magnone<br \/>\n\u2022 Austeja Tamaliunaite<br \/>\n\u2022 Sebastin Hungerer, Norsk Teknisk Museum.<br \/>\n\u2022 Traducciones: Aitor, Carlos, Elli, Eva, Iwan, Joachim, Mar\u00eda del Mar, Monika, Monique, Sebastian, Sol, Stella and Sylvia.<\/p>\n<hr \/>\n<h5><span style=\"color: #ff0000;\">DONACI\u00d3N<\/span><\/h5>\n<p>Tu apoyo econ\u00f3mico nos servir\u00e1 para poder continuar con nuestras exploraciones, y felices de enviarte una de estas cajitas de regalo por nuestro aniversario.<\/p>\n<p><strong>La cifra 2801 Coronas Noruegas (circa 250 \u20ac o USD) representa ni m\u00e1s ni menos que un diezmo por un salario m\u00ednimo mensual promedio para \u00abNovatos trabajadores sin capacitaci\u00f3n alguna en trabajos de construcci\u00f3n\u00bb <\/strong> (<a href=\"https:\/\/www.arbeidstilsynet.no\/en\/working-conditions\/pay-and-minimum-rates-of-pay\/minimum-wage\/\" target=\"_blank\" rel=\"noopener\">Arbeidstilsynet, 2021.07<\/a>)<\/p>\n","protected":false},"featured_media":27377,"template":"","meta":{"ngg_post_thumbnail":0},"product_brand":[],"product_cat":[791],"product_tag":[827,826,770,825],"class_list":{"0":"post-27465","1":"product","2":"type-product","3":"status-publish","4":"has-post-thumbnail","6":"product_cat-publication-es","7":"product_tag-manifesto-es","8":"product_tag-object-es","9":"product_tag-originales","10":"product_tag-publication-es","11":"product_shipping_class-no1k-big-es","13":"first","14":"instock","15":"sold-individually","16":"purchasable","17":"product-type-simple"},"_links":{"self":[{"href":"https:\/\/www.antipodes.cafe\/es\/wp-json\/wp\/v2\/product\/27465","targetHints":{"allow":["GET"]}}],"collection":[{"href":"https:\/\/www.antipodes.cafe\/es\/wp-json\/wp\/v2\/product"}],"about":[{"href":"https:\/\/www.antipodes.cafe\/es\/wp-json\/wp\/v2\/types\/product"}],"wp:featuredmedia":[{"embeddable":true,"href":"https:\/\/www.antipodes.cafe\/es\/wp-json\/wp\/v2\/media\/27377"}],"wp:attachment":[{"href":"https:\/\/www.antipodes.cafe\/es\/wp-json\/wp\/v2\/media?parent=27465"}],"wp:term":[{"taxonomy":"product_brand","embeddable":true,"href":"https:\/\/www.antipodes.cafe\/es\/wp-json\/wp\/v2\/product_brand?post=27465"},{"taxonomy":"product_cat","embeddable":true,"href":"https:\/\/www.antipodes.cafe\/es\/wp-json\/wp\/v2\/product_cat?post=27465"},{"taxonomy":"product_tag","embeddable":true,"href":"https:\/\/www.antipodes.cafe\/es\/wp-json\/wp\/v2\/product_tag?post=27465"}],"curies":[{"name":"wp","href":"https:\/\/api.w.org\/{rel}","templated":true}]}}