{"id":27469,"date":"2022-02-22T18:27:29","date_gmt":"2022-02-22T17:27:29","guid":{"rendered":"https:\/\/www.antipodes.cafe\/manifiesto-yuyo\/"},"modified":"2022-04-08T08:59:05","modified_gmt":"2022-04-08T06:59:05","slug":"manifiesto-yuyo","status":"publish","type":"page","link":"https:\/\/www.antipodes.cafe\/es\/manifiesto-yuyo\/","title":{"rendered":"MANIFIESTO YUYO"},"content":{"rendered":"<p>\r\n\t\t\t\r\n\t\t\t\r\n\t\t\t\r\n\t\t\t<script>jQuery(document).ready(function($){$(\"#accordions-27246.accordions\").accordion({event: \"click\",collapsible: true,heightStyle: \"content\",animate: (\"linear\", 1000),navigation: true,active: 999999,changestart: function(event, ui) {\r\n\t\t\t\t\t\t\t\tchild.accordion(\"activate\", false); \r\n\t\t\t\t\t\t\t}\r\n\t\t\t\t\t\t});\r\n\t\t\t\t\t\tvar child = $(\".child-accordion\").accordion({\r\n\t\t\t\t\t\t\tactive:true,heightStyle: \"content\",\r\n\t\t\t\t\t\t\tcollapsible: true,\r\n\t\t\t\t\t\t\tanimated: \"swing\",\r\n\t\t\t\t\t\t});\r\n\t\t\t\t\t})<\/script><style type='text\/css'>\r\n\t\t#accordions-27246{display: none;}\r\n\t#accordions-27246{\r\n\t\t\ttext-align: left;}\r\n\t#accordions-27246{\r\n\t\t\tbackground:#f9f9f9 url() repeat scroll 0 0;\r\n\t\t\tpadding: 10px;\r\n\t\t\t}\r\n\t#accordions-27246 .accordions-head{\r\n\t\t\r\n\t\tbackground:rgba(51,34,0,1) none repeat scroll 0 0;\r\n\t\tmargin:1px;\r\n\t\tpadding:10px;\t\t\t\r\n\t\t}\t\t\r\n\t\r\n\t#accordions-27246 .accordions-head-title{\r\n\t\tcolor:#ffffff;\r\n\t\tfont-size:12px;\r\n\t\t}\r\n\t\r\n\t#accordions-27246 .accordions-head-title-toogle{\r\n\t\tcolor:#ffffff;\r\n\t\tfont-size:12px;\r\n\t\t}\t\r\n\t\r\n\t\r\n\t#accordions-27246 .accordions-head:hover .accordions-head-title{\r\n\t\tcolor:#ffffff;\r\n\t\t}\t\t\r\n\t\r\n\t\r\n\t#accordions-27246 .ui-accordion-header-active{\r\n\t\tbackground: #398adc;\r\n\t\r\n\t\t}\r\n\t#accordions-27246 .accordion-content{\r\n\t\t\tbackground:rgba(255,255,255,1) none repeat scroll 0 0;\r\n\t\t\tcolor:#322000;\r\n\t\t\tfont-size:10px;\r\n\t\t\tmargin:0;\r\n\t\t\tpadding:10px;\r\n\t\t\t}\r\n\t\t\t\r\n\t\r\n\t#accordions-27246 .accordion-icons{\r\n\t\t\tcolor:#ffffff;\r\n\t\t\tfont-size:10px;\t\t\t\t\r\n\t\t\t}\r\n\t\t\t\r\n\t#accordions-27246 .accordions-head:hover .accordion-icons{\r\n\t\t\tcolor:#322000;\t\t\t\r\n\t\t\t}\t\t\t\t\r\n\t\t\t\r\n\t\t\t<\/style><style type=\"text\/css\">#accordions-27246{}\r\n#accordions-27246 .accordions-head{}\r\n#accordions-27246 .accordion-content{}<\/style><p id=\"accordions-lazy-27246\" class=\"accordions-lazy\"><img decoding=\"async\" src=\"https:\/\/www.antipodes.cafe\/wp-content\/plugins\/accordions\/assets\/frontend\/images\/loading.gif\"\/><\/p><script>\r\n\t\t\tjQuery( window ).load(function() {\r\n\t\t\tjQuery('#accordions-lazy-27246').fadeOut();\r\n\t\t\tjQuery('#accordions-27246').fadeIn();\r\n\t\t\t});<\/script><div id=\"accordions-27246\" class=\"accordions accordions-themes flat accordions-27246\"><div id=\"1645551100369\" style=\"\" class=\"accordions-head head1645551100369\" toogle-text=\"MANIFIESTO YUYO\" main-text=\"Espa\u00f1ol\" ><div class=\"accordion-icons left accordion-plus fa fa-chevron-up\"><\/div><div class=\"accordion-icons left accordion-minus fa fa-chevron-down\"><\/div><div id=\"1645551100369\"    class=\"accordions-head-title\">Espa\u00f1ol<\/div><\/div><div class=\"accordion-content content1645551100369\"><p>RESISTENTE<br \/>\nINESPERADO<br \/>\nDISCRETO<br \/>\nOPORTUNISTA<br \/>\nEFICAZ<br \/>\nDISPERSO<br \/>\nRESILIENTE<br \/>\nINDOMESTICABLE<br \/>\nCONTRASTANTE<br \/>\nDESPLAZANTE<br \/>\nOCUPA<br \/>\nDESAFIANTE<br \/>\nORGANISMO<br \/>\nM\u00c1S ALL\u00c1 DEL BIEN Y EL MAL<\/p>\n<\/div><div id=\"1645551945145\" style=\"\" class=\"accordions-head head1645551945145\" toogle-text=\"YUYO\u2013MANIFEST\" main-text=\"Norsk (Bokm\u00e5l)\" ><div class=\"accordion-icons left accordion-plus fa fa-chevron-up\"><\/div><div class=\"accordion-icons left accordion-minus fa fa-chevron-down\"><\/div><div id=\"1645551945145\"    class=\"accordions-head-title\">Norsk (Bokm\u00e5l)<\/div><\/div><div class=\"accordion-content content1645551945145\"><p>MOTSTANDSDYKTIG<br \/>\nUVENTET<br \/>\nDISKRET<br \/>\nOPPORTUN<br \/>\nFORTRENGENDE<br \/>\nEFFEKTIV<br \/>\nSPREDT<br \/>\nRESILIENT<br \/>\nOKKUPERENDE<br \/>\nUTFORDRENDE<br \/>\nKONTRASTERENDE<br \/>\nUTEMMET<br \/>\nORGANISME<br \/>\nHINSIDES GODT OG ONDT<\/p>\n<\/div><div id=\"0\" style=\"\" class=\"accordions-head head0\" toogle-text=\"YUYO MANIFESTO\" main-text=\"English\" ><div class=\"accordion-icons left accordion-plus fa fa-chevron-up\"><\/div><div class=\"accordion-icons left accordion-minus fa fa-chevron-down\"><\/div><div id=\"0\"    class=\"accordions-head-title\">English<\/div><\/div><div class=\"accordion-content content0\"><p>RESISTANT<br \/>\nUNEXPECTED<br \/>\nDISCRETE<br \/>\nOPPORTUNIST<br \/>\nEFFECTIVE<br \/>\nDISPERSED<br \/>\nRESILIENT<br \/>\nUNDOMESTICATED<br \/>\nCONTRASTING<br \/>\nDISPLACER<br \/>\nOCCUPIER<br \/>\nCHALLENGER<br \/>\nORGANISM<br \/>\nBEYOND GOOD AND EVIL<\/p>\n<\/div><div id=\"1645552347080\" style=\"\" class=\"accordions-head head1645552347080\" toogle-text=\"YUYO-MANIFEST\" main-text=\"Deutsch\" ><div class=\"accordion-icons left accordion-plus fa fa-chevron-up\"><\/div><div class=\"accordion-icons left accordion-minus fa fa-chevron-down\"><\/div><div id=\"1645552347080\"    class=\"accordions-head-title\">Deutsch<\/div><\/div><div class=\"accordion-content content1645552347080\"><p>WIDERSTANDSF\u00c4HIG<br \/>\n\u00dcBERRASCHEND<br \/>\nDISKRET<br \/>\nOPPORTUNISTISCH<br \/>\nVERDR\u00c4NGER<br \/>\nEFFEKTIV<br \/>\nVERSTREUT<br \/>\nRESILIENT<br \/>\nBESETZER<br \/>\nHERAUSFORDERER<br \/>\nGEGENS\u00c4TZLICH<br \/>\nUNZ\u00c4HMBAR<br \/>\nORGANISMUS<br \/>\nJENSEITS VON GUT UND B\u00d6SE<\/p>\n<\/div><div id=\"1645555550226\" style=\"\" class=\"accordions-head head1645555550226\" toogle-text=\"YUYO MANIFESTUA\" main-text=\"Euskera\" ><div class=\"accordion-icons left accordion-plus fa fa-chevron-up\"><\/div><div class=\"accordion-icons left accordion-minus fa fa-chevron-down\"><\/div><div id=\"1645555550226\"    class=\"accordions-head-title\">Euskera<\/div><\/div><div class=\"accordion-content content1645555550226\"><p>ERRESISTENTEA<br \/>\nUSTEGABEKOA<br \/>\nDISKRETUA<br \/>\nOPORTUNISTA<br \/>\nERAGINKORRA<br \/>\nSAKABANATUA<br \/>\nERRESILIENTEA<br \/>\nMENDERAEZINA<br \/>\nKONTRASTATZAILEA<br \/>\nDEPLAZATZAILEA<br \/>\nOKUPATZAILEA<br \/>\nAUPARI<br \/>\nORGANISMO<br \/>\nONGIA ETA GAIZKIAZ HARATAGO<\/p>\n<\/div><div id=\"1647554600270\" style=\"\" class=\"accordions-head head1647554600270\" toogle-text=\"MANIFFESTO YUYO\" main-text=\"Cymraeg\" ><div class=\"accordion-icons left accordion-plus fa fa-chevron-up\"><\/div><div class=\"accordion-icons left accordion-minus fa fa-chevron-down\"><\/div><div id=\"1647554600270\"    class=\"accordions-head-title\">Cymraeg<\/div><\/div><div class=\"accordion-content content1647554600270\"><p>GWRTHSEFYLL<br \/>\nANNISGWYL<br \/>\nANNUWOL<br \/>\nCYFLEON<br \/>\nEFFEITHIOL<br \/>\nGWAHAREDIG<br \/>\nGWYDN<br \/>\nANGHOFIEDIG<br \/>\nCYFATEBION<br \/>\nYMADAWIAD<br \/>\nMEDDIANNWR<br \/>\nHERIWR<br \/>\nORGANIAETH<br \/>\nTU HWNT I DA A DRWG<\/p>\n<\/div><div id=\"1645552340698\" style=\"\" class=\"accordions-head head1645552340698\" toogle-text=\"MANIFESTE YUYO\" main-text=\"Fran\u00e7ais\" ><div class=\"accordion-icons left accordion-plus fa fa-chevron-up\"><\/div><div class=\"accordion-icons left accordion-minus fa fa-chevron-down\"><\/div><div id=\"1645552340698\"    class=\"accordions-head-title\">Fran\u00e7ais<\/div><\/div><div class=\"accordion-content content1645552340698\"><p>R\u00c9SISTANT<br \/>\nD\u00c9FIANT<br \/>\nINESP\u00c9R\u00c9<br \/>\nDISCRET<br \/>\nOPPORTUNISTE<br \/>\nD\u00c9PLACEUR<br \/>\nEFFICACE<br \/>\nDISPERS\u00c9<br \/>\nR\u00c9SILIENT<br \/>\nOCCUPANT<br \/>\nD\u00c9FIANT<br \/>\nCONTRASTANT<br \/>\nINDOMESTICABLE<br \/>\nORGANISME<br \/>\nPAR-DEL\u00c0 LE BIEN ET LE MAL<\/p>\n<\/div><div id=\"1645555551523\" style=\"\" class=\"accordions-head head1645555551523\" toogle-text=\"MANIFESTO YUYO\" main-text=\"Italiano\" ><div class=\"accordion-icons left accordion-plus fa fa-chevron-up\"><\/div><div class=\"accordion-icons left accordion-minus fa fa-chevron-down\"><\/div><div id=\"1645555551523\"    class=\"accordions-head-title\">Italiano<\/div><\/div><div class=\"accordion-content content1645555551523\"><p>RESISTENTE<br \/>\nINASPETTATA<br \/>\nDISCRETA<br \/>\nOPPORTUNISTICHE<br \/>\nSPOSTA<br \/>\nEFFICACE<br \/>\nSPARSA<br \/>\nRESILIENTE<br \/>\nOCCUPANTE<br \/>\nSFIDANTE<br \/>\nCONTRASTANTE<br \/>\nINDOMABILE<br \/>\nORGANISMO<br \/>\nAL DI L\u00c0 DEL BENE E DEL MALE<\/p>\n<\/div><div id=\"1645552347591\" style=\"\" class=\"accordions-head head1645552347591\" toogle-text=\"MANIFEST YUYO\" main-text=\"Polsk\" ><div class=\"accordion-icons left accordion-plus fa fa-chevron-up\"><\/div><div class=\"accordion-icons left accordion-minus fa fa-chevron-down\"><\/div><div id=\"1645552347591\"    class=\"accordions-head-title\">Polsk<\/div><\/div><div class=\"accordion-content content1645552347591\"><p>ODPORNA<br \/>\nNIESPODZIEWANA<br \/>\nDYSKRETNA<br \/>\nOPORTUNISTYCZNA<br \/>\nWYSIEDLAJ\u0104CA<br \/>\nEFEKTYWNA<br \/>\nROZPROSZONA<br \/>\nSPR\u0118\u017bYSTA<br \/>\nOKUPUJ\u0104CA<br \/>\nWYZYWAJ\u0104CA<br \/>\nKONTRASTUJ\u0104CA<br \/>\nNIEUDOMOWIONA<br \/>\nORGANIZM<br \/>\nPOZA DOBREM I Z\u0141EM<\/p>\n<\/div><div id=\"1645552346200\" style=\"\" class=\"accordions-head head1645552346200\" toogle-text=\"MANIFESTO YUYO\" main-text=\"Portugu\u00eas\" ><div class=\"accordion-icons left accordion-plus fa fa-chevron-up\"><\/div><div class=\"accordion-icons left accordion-minus fa fa-chevron-down\"><\/div><div id=\"1645552346200\"    class=\"accordions-head-title\">Portugu\u00eas<\/div><\/div><div class=\"accordion-content content1645552346200\"><p>INDOM\u00c1VEL<br \/>\nRESISTENTE<br \/>\nINESPERADA<br \/>\nOPORTUNISTA<br \/>\nEFICAZ<br \/>\nDESLOCADORA<br \/>\nDISCRETA<br \/>\nRESILIENTE<br \/>\nORGANISMO<br \/>\nCONTRASTANTE<br \/>\nDESAFIANTE<br \/>\nOCUPANTE<br \/>\nDISPERSA<br \/>\nPARA AL\u00c9M DO BEM E DO MAL<\/p>\n<\/div><div id=\"1645578140243\" style=\"\" class=\"accordions-head head1645578140243\" toogle-text=\"YUYO MANIFEST\" main-text=\"Svenska\" ><div class=\"accordion-icons left accordion-plus fa fa-chevron-up\"><\/div><div class=\"accordion-icons left accordion-minus fa fa-chevron-down\"><\/div><div id=\"1645578140243\"    class=\"accordions-head-title\">Svenska<\/div><\/div><div class=\"accordion-content content1645578140243\"><p>RESISTENT<br \/>\nOV\u00c4NTAT<br \/>\nDISKRET<br \/>\nOPPORTUNISTISK<br \/>\nEFFEKTIV<br \/>\nSKRIDDAD<br \/>\nUTH\u00c5LLIG<br \/>\nODOMESTICERBAR<br \/>\nKONTRASTANDE<br \/>\nF\u00d6RFLYTTNING<br \/>\nUPPTA<br \/>\nUTMANANDE<br \/>\nBORTOM GOTT OCH ONT<\/p>\n<\/div><div id=\"1645578098829\" style=\"\" class=\"accordions-head head1645578098829\" toogle-text=\"YUYO MANIFEST\" main-text=\"Dansk\" ><div class=\"accordion-icons left accordion-plus fa fa-chevron-up\"><\/div><div class=\"accordion-icons left accordion-minus fa fa-chevron-down\"><\/div><div id=\"1645578098829\"    class=\"accordions-head-title\">Dansk<\/div><\/div><div class=\"accordion-content content1645578098829\"><p>MODSTANDIG<br \/>\nUVENTET<br \/>\nDISKRET<br \/>\nOPPORTUNIST<br \/>\nEFFEKTIV<br \/>\nDISPERGERET<br \/>\nROBUST<br \/>\nUH\u00c6MMELIG<br \/>\nKONTRASTERENDE<br \/>\nFORSKYDNING<br \/>\nBES\u00c6TTE<br \/>\nUDFORDRENDE<br \/>\nORGANISME<br \/>\nUD OVER GODT OG ONDT<\/p>\n<\/div><div id=\"1645578252103\" style=\"\" class=\"accordions-head head1645578252103\" toogle-text=\"YUYO MANIFESTAS\" main-text=\"Lietuvi\u0173 kalba\" ><div class=\"accordion-icons left accordion-plus fa fa-chevron-up\"><\/div><div class=\"accordion-icons left accordion-minus fa fa-chevron-down\"><\/div><div id=\"1645578252103\"    class=\"accordions-head-title\">Lietuvi\u0173 kalba<\/div><\/div><div class=\"accordion-content content1645578252103\"><p>ATSPARUS<br \/>\nNETIK\u0116TAS<br \/>\nDISKRETUS<br \/>\nOPPORTUNISTAS<br \/>\nEFEKTYVUS<br \/>\nI\u0160SKLAIDYTAS<br \/>\nI\u0160TVERMINGAS<br \/>\nNEPRIJAUKINTAS<br \/>\nKONTRASTINGAS<br \/>\nPAKEIT\u0116JAS<br \/>\nU\u017d\u0116M\u0116JAS<br \/>\nVAR\u017dOVAS<br \/>\nORGANIZMAS<br \/>\nANAPUS G\u00c9RIO IR BLOGIO<\/p>\n<\/div><div id=\"1645577908911\" style=\"\" class=\"accordions-head head1645577908911\" toogle-text=\"\u042e\u0401 \u041c\u0410\u041d\u0418\u0424\u0415\u0421\u0422\" main-text=\"\u0420\u0443\u0441\u0441\u043a\u0438\u0439\" ><div class=\"accordion-icons left accordion-plus fa fa-chevron-up\"><\/div><div class=\"accordion-icons left accordion-minus fa fa-chevron-down\"><\/div><div id=\"1645577908911\"    class=\"accordions-head-title\">\u0420\u0443\u0441\u0441\u043a\u0438\u0439<\/div><\/div><div class=\"accordion-content content1645577908911\"><p>\u0421\u041e\u041f\u0420\u041e\u0422\u0418\u0412\u041b\u042f\u042e\u0429\u0418\u0419\u0421\u042f<br \/>\n\u041d\u0415\u041e\u0416\u0418\u0414\u0410\u041d\u041d\u042b\u0419<br \/>\n\u0414\u0418\u0421\u041a\u0420\u0415\u0422\u041d\u042b\u0419<br \/>\n\u041e\u041f\u041f\u041e\u0420\u0422\u0423\u041d\u0418\u0421\u0422\u0418\u0427\u0415\u0421\u041a\u0418\u0419<br \/>\n\u0412\u042b\u0422\u0415\u0421\u041d\u042f\u042e\u0429\u0418\u0419<br \/>\n\u042d\u0424\u0424\u0415\u041a\u0422\u0418\u0412\u041d\u042b\u0419<br \/>\n\u0420\u0410\u0421\u0421\u0415\u042f\u041d\u041d\u042b\u0419<br \/>\n\u0420\u0415\u0417\u0418\u041b\u0415\u041d\u0422\u041d\u042b\u0415<br \/>\n\u041e\u041a\u041a\u0423\u041f\u0418\u0420\u0423\u042e\u0429\u0418\u0419<br \/>\n\u0412\u042b\u0417\u042b\u0412\u0410\u042e\u0429\u0418\u0419<br \/>\n\u041a\u041e\u041d\u0422\u0420\u0410\u0421\u0422\u041d\u042b\u0419<br \/>\n\u041d\u0415\u041f\u0420\u0418\u0420\u0423\u0427\u0415\u041d\u041d\u042b\u0419<br \/>\n\u041e\u0420\u0413\u0410\u041d\u0418\u0417\u041c<br \/>\n\u0417\u0410 \u0413\u0420\u0410\u041d\u042c\u042e \u0414\u041e\u0411\u0420\u0410 \u0418 \u0417\u041b\u0410<\/p>\n<\/div><div id=\"1645578062939\" style=\"\" class=\"accordions-head head1645578062939\" toogle-text=\"YUYO\u2013MANIFEST\" main-text=\"Nederlands\" ><div class=\"accordion-icons left accordion-plus fa fa-chevron-up\"><\/div><div class=\"accordion-icons left accordion-minus fa fa-chevron-down\"><\/div><div id=\"1645578062939\"    class=\"accordions-head-title\">Nederlands<\/div><\/div><div class=\"accordion-content content1645578062939\"><p>RESISTENT<br \/>\nONVERWACHT<br \/>\nDISCREET<br \/>\nOPPORTUNIST<br \/>\nEFFECTIEF<br \/>\nVERSPREID<br \/>\nVEERKRACHTIG<br \/>\nONGETEMD<br \/>\nCONTRASTEREND<br \/>\nVERWIJDERAAR<br \/>\nBEZETTER<br \/>\nUITDAGER<br \/>\nORGANISME<br \/>\nVOORBIJ GOED EN KWAAD<\/p>\n<\/div><div id=\"1645555721059\" style=\"\" class=\"accordions-head head1645555721059\" toogle-text=\"\uc57c\ucd08 \uc120\uc5b8\" main-text=\"\ud55c\uad6d\uc5b4\" ><div class=\"accordion-icons left accordion-plus fa fa-chevron-up\"><\/div><div class=\"accordion-icons left accordion-minus fa fa-chevron-down\"><\/div><div id=\"1645555721059\"    class=\"accordions-head-title\">\ud55c\uad6d\uc5b4<\/div><\/div><div class=\"accordion-content content1645555721059\"><p>\uc800\ud56d\ud558\ub294<br \/>\n\uc608\uc0c1\uce58 \ubabb\ud55c<br \/>\n\uc774\uc0b0\uc801\uc778<br \/>\n\uae30\ud68c\uc8fc\uc758\uc801\uc778<br \/>\n\ud6a8\uacfc\uc801\uc778<br \/>\n\ubd84\uc0b0\ub41c<br \/>\n\ud0c4\ub825\uc131<br \/>\n\uae38\ub4e4\uc77c \uc218 \uc5c6\ub294<br \/>\n\ub300\uc870\uc801\uc778<br \/>\n\uc774\ub3d9\uc2dc\ud0a4\ub294<br \/>\n\uc810\uc720\ud558\ub294<br \/>\n\ub3c4\uc804\uc801\uc778<br \/>\n\uc720\uae30\uccb4<br \/>\n\uc120\uacfc \uc545\uc744 \ub118\uc5b4\uc11c\ub294<\/p>\n<\/div><div id=\"1645578316392\" style=\"background-color:#dddddd\" class=\"accordions-head head1645578316392\" toogle-text=\"\" main-text=\"\u0641\u0627\u0631\u0633\u06cc\" ><div class=\"accordion-icons left accordion-plus fa fa-chevron-up\"><\/div><div class=\"accordion-icons left accordion-minus fa fa-chevron-down\"><\/div><div id=\"1645578316392\"    class=\"accordions-head-title\">\u0641\u0627\u0631\u0633\u06cc<\/div><\/div><div class=\"accordion-content content1645578316392\"><p>soon<\/p>\n<\/div><div id=\"1645578356510\" style=\"background-color:#dddddd\" class=\"accordions-head head1645578356510\" toogle-text=\"\" main-text=\"\u65e5\u672c\u8a9e\" ><div class=\"accordion-icons left accordion-plus fa fa-chevron-up\"><\/div><div class=\"accordion-icons left accordion-minus fa fa-chevron-down\"><\/div><div id=\"1645578356510\"    class=\"accordions-head-title\">\u65e5\u672c\u8a9e<\/div><\/div><div class=\"accordion-content content1645578356510\"><p>soon<\/p>\n<\/div><\/div><br \/>\n\r\n\t\t\t\r\n\t\t\t\r\n\t\t\t\r\n\t\t\t<script>jQuery(document).ready(function($){$(\"#accordions-27472.accordions\").accordion({event: \"click\",collapsible: true,heightStyle: \"content\",animate: (\"linear\", 1000),navigation: true,active: 0,changestart: function(event, ui) {\r\n\t\t\t\t\t\t\t\tchild.accordion(\"activate\", false); \r\n\t\t\t\t\t\t\t}\r\n\t\t\t\t\t\t});\r\n\t\t\t\t\t\tvar child = $(\".child-accordion\").accordion({\r\n\t\t\t\t\t\t\tactive:true,heightStyle: \"content\",\r\n\t\t\t\t\t\t\tcollapsible: true,\r\n\t\t\t\t\t\t\tanimated: \"swing\",\r\n\t\t\t\t\t\t});\r\n\t\t\t\t\t})<\/script><style type='text\/css'>\r\n\t\t#accordions-27472{display: none;}\r\n\t#accordions-27472{\r\n\t\t\ttext-align: left;}\r\n\t#accordions-27472{\r\n\t\t\tbackground:#f9f9f9 url() repeat scroll 0 0;\r\n\t\t\tpadding: 10px;\r\n\t\t\t}\r\n\t#accordions-27472 .accordions-head{\r\n\t\t\r\n\t\tbackground:rgba(57,138,220,1) none repeat scroll 0 0;\r\n\t\tmargin:1px;\r\n\t\tpadding:10px;\t\t\t\r\n\t\t}\t\t\r\n\t\r\n\t#accordions-27472 .accordions-head-title{\r\n\t\tcolor:#ffffff;\r\n\t\tfont-size:10px;\r\n\t\t}\r\n\t\r\n\t#accordions-27472 .accordions-head-title-toogle{\r\n\t\tcolor:#ffffff;\r\n\t\tfont-size:10px;\r\n\t\t}\t\r\n\t\r\n\t\r\n\t#accordions-27472 .accordions-head:hover .accordions-head-title{\r\n\t\tcolor:#322000;\r\n\t\t}\t\t\r\n\t\r\n\t\r\n\t#accordions-27472 .ui-accordion-header-active{\r\n\t\tbackground: #888888;\r\n\t\r\n\t\t}\r\n\t#accordions-27472 .accordion-content{\r\n\t\t\tbackground:rgba(255,255,255,1) none repeat scroll 0 0;\r\n\t\t\tcolor:#322000;\r\n\t\t\tfont-size:12px;\r\n\t\t\tmargin:0;\r\n\t\t\tpadding:5px;\r\n\t\t\t}\r\n\t\t\t\r\n\t\r\n\t#accordions-27472 .accordion-icons{\r\n\t\t\tcolor:#ffffff;\r\n\t\t\tfont-size:12px;\t\t\t\t\r\n\t\t\t}\r\n\t\t\t\r\n\t#accordions-27472 .accordions-head:hover .accordion-icons{\r\n\t\t\tcolor:#322000;\t\t\t\r\n\t\t\t}\t\t\t\t\r\n\t\t\t\r\n\t\t\t<\/style><style type=\"text\/css\">#accordions-27281{}\r\n#accordions-27281 .accordions-head{}\r\n#accordions-27281 .accordion-content{}<\/style><p id=\"accordions-lazy-27472\" class=\"accordions-lazy\"><img decoding=\"async\" src=\"https:\/\/www.antipodes.cafe\/wp-content\/plugins\/accordions\/assets\/frontend\/images\/loading.gif\"\/><\/p><script>\r\n\t\t\tjQuery( window ).load(function() {\r\n\t\t\tjQuery('#accordions-lazy-27472').fadeOut();\r\n\t\t\tjQuery('#accordions-27472').fadeIn();\r\n\t\t\t});<\/script><div id=\"accordions-27472\" class=\"accordions accordions-themes flat accordions-27472\"><div id=\"0\" style=\"\" class=\"accordions-head head0\" toogle-text=\"v.1.0: 2019 \/ graffiti (Espa\u00f1ol)\" main-text=\"v.1.0: 2019 \/ graffiti (Espa\u00f1ol)\" ><div class=\"accordion-icons left accordion-plus fa fa-chevron-up\"><\/div><div class=\"accordion-icons left accordion-minus fa fa-chevron-down\"><\/div><div id=\"0\"    class=\"accordions-head-title\">v.1.0: 2019 \/ graffiti (Espa\u00f1ol)<\/div><\/div><div class=\"accordion-content content0\"><p>Urdido colectivamente en el taller abierto <a href=\"https:\/\/www.antipodes.cafe\/lecture\/el-yuyo-y-el-juego\/\">\u00abel yuyo y el juego\u00bb<\/a> dirigido por antipodes caf\u00e9, coordinado por Alberto Nanclares [ETSAM] y desarrollado en las calles del Barrio de San Diego en Madrid, con la participaci\u00f3n de estudiantes de la ETSAM  y el apoyo de SEO\/BIRDLIFE, ETSAM y GRAFILL.<br \/>\nEl manifiesto expresa conceptos fundamentales de la obra y modus operandi de antipodes caf\u00e9.<br \/>\n\u2014<br \/>\n<strong>Trivia:<\/strong> El manifiesto fue escrito directamente en la fachada de SEO Birdlife sobre un viejo p\u00f3ster que all\u00ed estaba pegado. Pudo haber sido cualquier tipo de imagen, pero fue esta con las caras de Marx and Engels. Y como si fuera poco, a la derecha hab\u00eda un grafiti en verde de un coraz\u00f3n. (<a href=\"https:\/\/www.antipodes.cafe\/wp-content\/uploads\/2019\/04\/manifesto-yuyo.jpg\">ver imagen<\/a>)<\/p>\n<\/div><div id=\"1645579103076\" style=\"background-color:#6ba3db\" class=\"accordions-head head1645579103076\" toogle-text=\"v.1.1: 2021 \/ audio (Espa\u00f1ol)\" main-text=\"v.1.1: 2021 \/ audio (Espa\u00f1ol)\" ><div class=\"accordion-icons left accordion-plus fa fa-chevron-up\"><\/div><div class=\"accordion-icons left accordion-minus fa fa-chevron-down\"><\/div><div id=\"1645579103076\"    class=\"accordions-head-title\">v.1.1: 2021 \/ audio (Espa\u00f1ol)<\/div><\/div><div class=\"accordion-content content1645579103076\"><p>En un bello episodio de \"Efecto Doppler\" (radio 3, Espa\u00f1a), Alberto Nanclares comparti\u00f3 informaci\u00f3n sobre malas hierbas y concluy\u00f3 el programa con una versi\u00f3n del \"manifiesto yuyo\" incluyendo la palabra \"resiliente\" por primera vez. (\u00a1Escuche familia!: \"<a href=\"https:\/\/open.spotify.com\/episode\/6xTJhOLYsY1OuMewB9VNQj?si=WeLAava0TruYkpjUnzwItw&utm_source=copy-link&t=2088\" target=\"_blank\" rel=\"noopener\">Miradas Tintin\u00f3filas<\/a>\")<\/p>\n<\/div><div id=\"1645579156427\" style=\"\" class=\"accordions-head head1645579156427\" toogle-text=\"v.2.0: 2022 \/ revised (Espa\u00f1ol)\" main-text=\"v.2.0: 2022 \/ actualizado (Espa\u00f1ol)\" ><div class=\"accordion-icons left accordion-plus fa fa-chevron-up\"><\/div><div class=\"accordion-icons left accordion-minus fa fa-chevron-down\"><\/div><div id=\"1645579156427\"    class=\"accordions-head-title\">v.2.0: 2022 \/ actualizado (Espa\u00f1ol)<\/div><\/div><div class=\"accordion-content content1645579156427\"><p>El manifiesto fue nuevamente editado por antipodes caf\u00e9 y Alberto Nanclares para futuras publicaciones.<\/p>\n<\/div><div id=\"1645579755590\" style=\"background-color:#6ba3db\" class=\"accordions-head head1645579755590\" toogle-text=\"v.2.1: 2022 \/ Translations\" main-text=\"v.2.1: 2022 \/ Traducciones\" ><div class=\"accordion-icons left accordion-plus fa fa-chevron-up\"><\/div><div class=\"accordion-icons left accordion-minus fa fa-chevron-down\"><\/div><div id=\"1645579755590\"    class=\"accordions-head-title\">v.2.1: 2022 \/ Traducciones<\/div><\/div><div class=\"accordion-content content1645579755590\"><p>antipodes caf\u00e9 +<\/p>\n<p>\u2022 Aitor Iturralde<br \/>\n\u2022 Carlos Pizarro<br \/>\n\u2022 Darja Olsevskaja<br \/>\n\u2022 Elli Medeiros<br \/>\n\u2022 Eva Burkhardt<br \/>\n\u2022 Eva De Moor<br \/>\n\u2022 Joaqu\u00edn Hommen<br \/>\n\u2022 Iwan Price<br \/>\n\u2022 Mar\u00eda del Mar Reyes<br \/>\n\u2022 Monika Kochowicz<br \/>\n\u2022 Monique Martin<br \/>\n\u2022 Sebastian Hungerer<br \/>\n\u2022 Sol Pritsch<br \/>\n\u2022 Soledad Reyes<br \/>\n\u2022 Stella Valiante<br \/>\n\u2022 Stijn Schiffeleers<br \/>\n\u2022 Sylvia Battaglino<br \/>\n\u2014<br \/>\n\u2764\ufe0f<\/p>\n<\/div><div id=\"1645579757249\" style=\"background-color:#6ba3db\" class=\"accordions-head head1645579757249\" toogle-text=\"v.2.2: 2022 \/ Digital (web page)\" main-text=\"v.2.2: 2022 \/ Digital (p\u00e1gina web)\" ><div class=\"accordion-icons left accordion-plus fa fa-chevron-up\"><\/div><div class=\"accordion-icons left accordion-minus fa fa-chevron-down\"><\/div><div id=\"1645579757249\"    class=\"accordions-head-title\">v.2.2: 2022 \/ Digital (p\u00e1gina web)<\/div><\/div><div class=\"accordion-content content1645579757249\"><p>antipodes caf\u00e9<br \/>\n\u2014<br \/>\nhttps:\/\/www.antipodes.cafe\/manifesto-yuyo\/<\/p>\n<\/div><div id=\"1645579758836\" style=\"background-color:#6ba3db\" class=\"accordions-head head1645579758836\" toogle-text=\"v.2.3: 2022 \/ Edition (Eng. \u00abThe Wild Herb and The Play\u00bb)\" main-text=\"v.2.3: 2022 \/ Edici\u00f3n \u00abel yuyo y el juego\u00bb\" ><div class=\"accordion-icons left accordion-plus fa fa-chevron-up\"><\/div><div class=\"accordion-icons left accordion-minus fa fa-chevron-down\"><\/div><div id=\"1645579758836\"    class=\"accordions-head-title\">v.2.3: 2022 \/ Edici\u00f3n \u00abel yuyo y el juego\u00bb<\/div><\/div><div class=\"accordion-content content1645579758836\"><p><img loading=\"lazy\" decoding=\"async\" class=\"alignleft size-medium wp-image-27378\" src=\"https:\/\/www.antipodes.cafe\/wp-content\/uploads\/2022\/04\/ae22_yuyo-03-900x598.jpg\" alt=\"\" width=\"900\" height=\"598\" srcset=\"https:\/\/www.antipodes.cafe\/wp-content\/uploads\/2022\/04\/ae22_yuyo-03-900x598.jpg 900w, https:\/\/www.antipodes.cafe\/wp-content\/uploads\/2022\/04\/ae22_yuyo-03-1366x907.jpg 1366w, https:\/\/www.antipodes.cafe\/wp-content\/uploads\/2022\/04\/ae22_yuyo-03-768x510.jpg 768w, https:\/\/www.antipodes.cafe\/wp-content\/uploads\/2022\/04\/ae22_yuyo-03-1536x1020.jpg 1536w, https:\/\/www.antipodes.cafe\/wp-content\/uploads\/2022\/04\/ae22_yuyo-03-600x398.jpg 600w, https:\/\/www.antipodes.cafe\/wp-content\/uploads\/2022\/04\/ae22_yuyo-03.jpg 1920w\" sizes=\"auto, (max-width: 900px) 100vw, 900px\" \/><br \/>\n<strong>\u00abel yuyo y el juego\u00bb <\/strong><br \/>\n1\u00aa Edition.<br \/>\nISBN 978\u00b782\u00b7692197\u00b74\u00b76<br \/>\nantipodes caf\u00e9<br \/>\nOslo, 2022.04<\/p>\n<p><a href=\"https:\/\/www.antipodes.cafe\/souvenirs\/publication\/el-yuyo-y-el-juego\/\">M\u00e1s informaci\u00f3n<\/a><\/p>\n<\/div><\/div><br \/>\n<img decoding=\"async\" class=\"aligncenter\" src=\"https:\/\/www.antipodes.cafe\/wp-content\/uploads\/2019\/04\/publico-1.jpg\" width=\"98%\" \/><\/p>\n","protected":false},"excerpt":{"rendered":"","protected":false},"author":11,"featured_media":0,"parent":0,"menu_order":0,"comment_status":"closed","ping_status":"closed","template":"","meta":{"ngg_post_thumbnail":0,"footnotes":""},"class_list":["post-27469","page","type-page","status-publish","hentry"],"_links":{"self":[{"href":"https:\/\/www.antipodes.cafe\/es\/wp-json\/wp\/v2\/pages\/27469","targetHints":{"allow":["GET"]}}],"collection":[{"href":"https:\/\/www.antipodes.cafe\/es\/wp-json\/wp\/v2\/pages"}],"about":[{"href":"https:\/\/www.antipodes.cafe\/es\/wp-json\/wp\/v2\/types\/page"}],"author":[{"embeddable":true,"href":"https:\/\/www.antipodes.cafe\/es\/wp-json\/wp\/v2\/users\/11"}],"replies":[{"embeddable":true,"href":"https:\/\/www.antipodes.cafe\/es\/wp-json\/wp\/v2\/comments?post=27469"}],"version-history":[{"count":2,"href":"https:\/\/www.antipodes.cafe\/es\/wp-json\/wp\/v2\/pages\/27469\/revisions"}],"predecessor-version":[{"id":27473,"href":"https:\/\/www.antipodes.cafe\/es\/wp-json\/wp\/v2\/pages\/27469\/revisions\/27473"}],"wp:attachment":[{"href":"https:\/\/www.antipodes.cafe\/es\/wp-json\/wp\/v2\/media?parent=27469"}],"curies":[{"name":"wp","href":"https:\/\/api.w.org\/{rel}","templated":true}]}}