{"id":24333,"date":"2020-05-01T01:28:10","date_gmt":"2020-04-30T23:28:10","guid":{"rendered":"https:\/\/www.antipodes.cafe\/souvenirs\/"},"modified":"2025-03-10T00:35:24","modified_gmt":"2025-03-09T23:35:24","slug":"souvenirs","status":"publish","type":"page","link":"https:\/\/www.antipodes.cafe\/es\/souvenirs\/","title":{"rendered":"&#038; souvenirs"},"content":{"rendered":"<h1>antipodes caf\u00e9 &amp; souvenirs<\/h1>\n<p><em>antipodes caf\u00e9<\/em> es una organizaci\u00f3n sin fines de lucro. Una forma de apoyar nuestra producci\u00f3n es a trav\u00e9s de donaciones que ser\u00e1n agradecidas con retribuciones espec\u00edficas que podr\u00e1s escoger en esta p\u00e1gina. Estos souvenirs son b\u00e1sicamente memorabilia de andanzas y objetos independientes. De all\u00ed los risibles valores. No dudes en contactarnos si quieres recibir un souvenir sin hacer una donaci\u00f3n, o si quieres apoyarnos de alguna otra forma \ud83d\ude09<\/p>\n<p>GRACIAS POR TU APOYO !<\/p>\n","protected":false},"excerpt":{"rendered":"<p>antipodes caf\u00e9 &amp; souvenirs antipodes caf\u00e9 es una organizaci\u00f3n sin fines de lucro. Una forma de apoyar nuestra producci\u00f3n es&hellip;<\/p>\n","protected":false},"author":11,"featured_media":0,"parent":0,"menu_order":0,"comment_status":"closed","ping_status":"closed","template":"","meta":{"ngg_post_thumbnail":0,"footnotes":""},"class_list":["post-24333","page","type-page","status-publish","hentry"],"_links":{"self":[{"href":"https:\/\/www.antipodes.cafe\/es\/wp-json\/wp\/v2\/pages\/24333","targetHints":{"allow":["GET"]}}],"collection":[{"href":"https:\/\/www.antipodes.cafe\/es\/wp-json\/wp\/v2\/pages"}],"about":[{"href":"https:\/\/www.antipodes.cafe\/es\/wp-json\/wp\/v2\/types\/page"}],"author":[{"embeddable":true,"href":"https:\/\/www.antipodes.cafe\/es\/wp-json\/wp\/v2\/users\/11"}],"replies":[{"embeddable":true,"href":"https:\/\/www.antipodes.cafe\/es\/wp-json\/wp\/v2\/comments?post=24333"}],"version-history":[{"count":5,"href":"https:\/\/www.antipodes.cafe\/es\/wp-json\/wp\/v2\/pages\/24333\/revisions"}],"predecessor-version":[{"id":37133,"href":"https:\/\/www.antipodes.cafe\/es\/wp-json\/wp\/v2\/pages\/24333\/revisions\/37133"}],"wp:attachment":[{"href":"https:\/\/www.antipodes.cafe\/es\/wp-json\/wp\/v2\/media?parent=24333"}],"curies":[{"name":"wp","href":"https:\/\/api.w.org\/{rel}","templated":true}]}}