{"id":21426,"date":"2018-04-09T17:58:51","date_gmt":"2018-04-09T15:58:51","guid":{"rendered":"https:\/\/www.antipodes.cafe\/curso-ilegal\/"},"modified":"2025-03-16T23:07:00","modified_gmt":"2025-03-16T22:07:00","slug":"illegal-tender","status":"publish","type":"page","link":"https:\/\/www.antipodes.cafe\/es\/illegal-tender\/","title":{"rendered":"\u00abillegal tender\u00bb"},"content":{"rendered":"<p><span style=\"color: #00ccff;\"><em>\u201cSerpentes parvul\u00e6 fallunt nec publice conquiruntur; ubi aliqua solitam mensuram transit et in monstrum excrevit, ubi fontes sputu inficit et, si adflavit, deurit obteritque, quacumque incessit, ballistis petitur. Possunt verba dare et evadere pusilla mala, ingentibus obviam itur.\u201d<\/em><\/span><br \/>\n<script>\r\n\t\t\t\t\tjQuery(document).ready(function($)\r\n\t\t\t\t\t{\r\n\t\t\t\t\t\t$( \"#accordions-tabs-37048\" ).tabs({\r\n\t\t\t\t\t\t\t\tcollapsible: true,\r\n\t\t\t\t\t\t\t\tevent: \"click\",\r\n\t\t\t\t\t\t\t\tactive: \"0\",\t\t\t\t\t\t\t\t\r\n\t\t\t\t\t\t\t\t});\r\n\t\t\t\t\t\t\t\t\t})\r\n\r\n\t\t\t\t\t<\/script><style type='text\/css'>\r\n\t\t#accordions-tabs-37048{\r\n\t\t\t\ttext-align: left;}\r\n\t\t#accordions-tabs-37048{\r\n\t\t\t\tbackground: url() repeat scroll 0 0;\r\n\t\t\t\tpadding: 20px 0px 0px 0px;\r\n\t\t\t\t}\r\n\t\t#accordions-tabs-37048 .accordions-tab-head{\r\n\t\t\tbackground:rgba(255,255,255,1) none repeat scroll 0 0;\r\n\t\t\tcolor:#322200;\r\n\t\t\tfont-size:12px;\r\n\t\t\t\r\n\t\t\tmargin:1px;\r\n\t\t\tpadding:10px;\t\t\t\r\n\t\t\t}\t\t\r\n\t\t\r\n\t\t#accordions-tabs-37048 .accordions-head-title{\r\n\t\t\t\r\n\t\t\t}\r\n\t\t\r\n\t\t\r\n\t\t#accordions-tabs-37048 .ui-tabs-active a{\r\n\t\t\tbackground: #ffde00;\r\n\t\t\r\n\t\t\t}\r\n\t\t#accordions-tabs-37048 .tabs-content{\r\n\t\t\t\tbackground:rgba(255,255,255,1) none repeat scroll 0 0;\r\n\t\t\t\t\r\n\t\t\t\tcolor:#322200;\r\n\t\t\t\tfont-size:12px;\r\n\t\t\t\tmargin:0px;\r\n\t\t\t\tpadding:0px;\r\n\t\t\t\t}\r\n\t\t\t\t\r\n\t\t#accordions-tabs-37048 .accordions-tab-icons{\r\n\t\t\t\tcolor:#ffffff;\r\n\t\t\t\tfont-size:12px;\t\t\t\t\r\n\t\t\t\t}\r\n\t\t\t\t<\/style><style type=\"text\/css\">#accordions-37022{}\r\n#accordions-37022 .accordions-head{}\r\n#accordions-37022 .accordion-content{}<\/style><div id=\"accordions-tabs-37048\" class=\"accordions-tabs-themes accordions-tabs flat accordions-tabs-37048\"><ul><li class=\"tabs-nav\" ><a style=\"\" class=\"accordions-tab-head\" href=\"#tabs-0\"><i class=\"accordions-tab-icons left accordions-tab-plus fa fa-chevron-up\"><\/i><i class=\"accordions-tab-icons left accordions-tab-minus fa fa-arrow-down fa-chevron-down\"><\/i><span class=\"accordions-tabs-head-title\">CHOCOLATE<\/span><\/a><\/li><li class=\"tabs-nav\" ><a style=\"\" class=\"accordions-tab-head\" href=\"#tabs-1733222130193\"><i class=\"accordions-tab-icons left accordions-tab-plus fa fa-chevron-up\"><\/i><i class=\"accordions-tab-icons left accordions-tab-minus fa fa-arrow-down fa-chevron-down\"><\/i><span class=\"accordions-tabs-head-title\">MONEDA<\/span><\/a><\/li><\/ul><div class=\"tabs-content\" id=\"tabs-0\"><p>Este siglo entrelaz\u00f3 el consumo de cacao con la cultura Mayo Chinchipe-Mara\u00f1\u00f3n de hace 5,300 a\u00f1os. Los estudios gen\u00f3micos proclaman a la regi\u00f3n amaz\u00f3nica alta de Ecuador como el centro de origen del cacao, conectando variedades antiguas con la excepcional variedad llamada Nacional, un \u2018cacao de Aroma Fino\u2019 apreciado por sus cualidades sensoriales distintivas. El viaje milenario del cacao pas\u00f3 por el valle del Amazonas, cruz\u00f3 los Andes y lleg\u00f3 a la costa del Pac\u00edfico, extendi\u00e9ndose hasta Mesoam\u00e9rica. Los olmecas elaboraron y consumieron bebidas de cacao, una tradici\u00f3n que perdur\u00f3 con los mayas y los aztecas, quienes integraron el cacao en la vida cotidiana como una bebida revitalizante, un elixir sagrado e incluso como moneda. Sus profundas ra\u00edces teol\u00f3gicas se reflejan en el nombre cient\u00edfico del \u00e1rbol, \u2018Theobroma cacao\u2019 (Linneo, 1740), que, en el n\u00e1huatl del imperio mexica, se llamaba \u2018cacahuacu\u00e1huitl\u2019, su fruto \u2018cacahuacintli\u2019 (\u2018oreja de cacao\u2019), y sus semillas \u2018cacao\u2019 o \u2018cacaoatl\u2019. La palabra 'chocolate' probablemente deriva de tal t\u00e9rmino, con '\u0101tl' significando agua, o de una mezcla de este \u00faltimo y 'xococ' ('cosa agria'). Innumerables \u00e1rboles fueron sacrificados en papel por esta etimolog\u00eda. Existen registros de estas bebidas en base a cacao como 'Cocoatl' (d\u00e9cada de 1550), 'Chachanatl' (1556) y 'Chocolatl' (d\u00e9cada de 1570), y claramente los espa\u00f1oles r\u00e1pidamente domesticaron el flujo con su 'e\u2019.<\/p>\n<\/div><div class=\"tabs-content\" id=\"tabs-1733222130193\"><p>Registrada como \u2018coyn\u2019 en el ingl\u00e9s medio (1150\u20131500), derivada del franc\u00e9s antiguo \u2018coigne\u2019 (\u2018cu\u00f1a, troquel para acu\u00f1ar\u2019) y del lat\u00edn \u2018cuneus\u2019 (\u2018cu\u00f1a\u2019). Reemplaz\u00f3 al t\u00e9rmino del ingl\u00e9s medio \u2018mynt\u2019 (proveniente del ingl\u00e9s antiguo \u2018mynet\u2019), del lat\u00edn \u2018mon\u0113ta\u2019.<br \/>\nUna pieza de metal estandarizada emitida por una autoridad gobernante, marcada para indicar su valor. M\u00e1s all\u00e1 de su funci\u00f3n econ\u00f3mica, afirma control, sostiene jerarqu\u00edas sociales y proyecta poder e identidad cultural. Los est\u00e1teros (\u2018peso\u2019), una de las primeras monedas conocidas, fueron acu\u00f1ados por los antiguos griegos alrededor del siglo VII a.C. en lo que hoy es el oeste de Turqu\u00eda. Hechas de electro, una aleaci\u00f3n natural de oro y plata, estas piezas ten\u00edan formas similares a pepitas con dise\u00f1os (\u2018tipos\u2019) en el anverso y golpes incusos en el reverso. \u201c\u2026pero la moneda (\u03bd\u03cc\u03bc\u03b9\u03c3\u03bc\u03b1, nomisma) ha llegado a servir, por convenci\u00f3n, como un sustituto de las necesidades. Por esta raz\u00f3n, se llama nomisma \u2014 porque existe no por naturaleza, sino por ley (\u03bd\u03cc\u03bc\u1ff3, nomos), y est\u00e1 en nuestro poder alterarla y volverla in\u00fatil.\u201d<\/p>\n<\/div><\/div><script>\r\n\t\t\t\t\tjQuery(document).ready(function($)\r\n\t\t\t\t\t{\r\n\t\t\t\t\t\t$( \"#accordions-tabs-37282\" ).tabs({\r\n\t\t\t\t\t\t\t\tcollapsible: true,\r\n\t\t\t\t\t\t\t\tevent: \"click\",\r\n\t\t\t\t\t\t\t\tactive: \"999999\",\t\t\t\t\t\t\t\t\r\n\t\t\t\t\t\t\t\t});\r\n\t\t\t\t\t\t\t\t\t})\r\n\r\n\t\t\t\t\t<\/script><style type='text\/css'>\r\n\t\t#accordions-tabs-37282{\r\n\t\t\t\ttext-align: left;}\r\n\t\t#accordions-tabs-37282{\r\n\t\t\t\tbackground: url() repeat scroll 0 0;\r\n\t\t\t\tpadding: 0px;\r\n\t\t\t\t}\r\n\t\t#accordions-tabs-37282 .accordions-tab-head{\r\n\t\t\tbackground:rgba(239,239,239,1) none repeat scroll 0 0;\r\n\t\t\tcolor:#322200;\r\n\t\t\tfont-size:12px;\r\n\t\t\t\r\n\t\t\tmargin:1px;\r\n\t\t\tpadding:10px;\t\t\t\r\n\t\t\t}\t\t\r\n\t\t\r\n\t\t#accordions-tabs-37282 .accordions-head-title{\r\n\t\t\t\r\n\t\t\t}\r\n\t\t\r\n\t\t\r\n\t\t#accordions-tabs-37282 .ui-tabs-active a{\r\n\t\t\tbackground: #ffde00;\r\n\t\t\r\n\t\t\t}\r\n\t\t#accordions-tabs-37282 .tabs-content{\r\n\t\t\t\tbackground:rgba(255,255,255,1) none repeat scroll 0 0;\r\n\t\t\t\t\r\n\t\t\t\tcolor:#322200;\r\n\t\t\t\tfont-size:12px;\r\n\t\t\t\tmargin:0px;\r\n\t\t\t\tpadding:0px;\r\n\t\t\t\t}\r\n\t\t\t\t\r\n\t\t#accordions-tabs-37282 .accordions-tab-icons{\r\n\t\t\t\tcolor:#ffffff;\r\n\t\t\t\tfont-size:12px;\t\t\t\t\r\n\t\t\t\t}\r\n\t\t\t\t<\/style><style type=\"text\/css\">#accordions-37282{}\r\n#accordions-37282 .accordions-head{}\r\n#accordions-37282 .accordion-content{}<\/style><div id=\"accordions-tabs-37282\" class=\"accordions-tabs-themes accordions-tabs flat accordions-tabs-37282\"><ul><li class=\"tabs-nav\" ><a style=\"\" class=\"accordions-tab-head\" href=\"#tabs-0\"><i class=\"accordions-tab-icons left accordions-tab-plus fa fa-chevron-up\"><\/i><i class=\"accordions-tab-icons left accordions-tab-minus fa fa-arrow-down fa-chevron-down\"><\/i><span class=\"accordions-tabs-head-title\">CACAUA QUAHUITL<\/span><\/a><\/li><li class=\"tabs-nav\" ><a style=\"\" class=\"accordions-tab-head\" href=\"#tabs-1733224047900\"><i class=\"accordions-tab-icons left accordions-tab-plus fa fa-chevron-up\"><\/i><i class=\"accordions-tab-icons left accordions-tab-minus fa fa-arrow-down fa-chevron-down\"><\/i><span class=\"accordions-tabs-head-title\">EL \u00c1RBOL DEL CACAO<\/span><\/a><\/li><\/ul><div class=\"tabs-content\" id=\"tabs-0\"><p><em>\u201cAt in Cacaua Quahuitl, magna deteguntur human\u00e6 fortis volumina. In verteri siquidem Orbe, perq. prisca illa tempora, qu\u00e6 vit\u00e6 hominum erant hecessaria, atque adeo apud alios cumdeessent qu\u00e6renda, non rependebantur \u00e6re. Nondum aureus argenteusu\u00e8 nummus circumferebatur, aut pecudum, Regumue, aut Principum simulacra metallis cernebantur insculpta. rerum viuebatur permutatione, vt olim factum cecinit Homerus, & fructuum quos recondebant facta alijs copia, mutuum ferebatur auxilium. tandem \u00e6ra percussa, atque signata sunt, & mille rerum effigies numismatis impress\u00e6 conspiciebantur. at in nouum hunc mundum nunquam auriti\u00e6 signa penetrauerant, aut caput erexerat ambitio, donec nostri, velis ventou\u00e8 deuecti, impetum fecere. non vsque adeo splendebant illis argentum atque aurum quibus pr\u00e6cipu\u00e8 abundabant; auium pulcherrimarum plum\u00e6, lintea qu\u00e6dam gossippina, & gemm\u00e6, qu\u00e6 ea fert affatim sua sponte tellus, erat diutiarum, & copiarum summa. nondum Armill\u00e6, torques, aut bracialia, nisi fortassis concinnata \u00e8 floribus, plebi innotuerant, aut Margarit\u00e6 erant illis in pretio. nudi pen\u00e8 incedebant, vitam degebant hilarem. neque vastos congerendi thesauros, aut rei familiaris augend\u00e6, veluti de futuro parum sollicitos, cura euigilabat. in diem viuebatur, indulgebatur genio, humili sorte, sed tranquilla & felici, & potissimis natur\u00e6 bonis magna cum iucunditate potibantur. Semen Cacauatl erat illis pro nummo, & eo pr\u00e6cipua vit\u00e6 pr\u00e6mio, cum opus erat, comparabantur. duratq. in hodiernum vsque diem non paucis in locis hic mos. Quid ni? Quando quibusdam orientalium gentium Cochle\u00e6 Veneri\u00e6, & alijs folia quarumdam arborum, & alijs alia pecuni\u00e6 gerunt vices. quin & ex eodem semine, quo commercia inibantur, feruebant emporia, & in varios dominos illius ope mercimonia transferebantur. concinnabantq. potum, nodum vini consiciendi ratione reperta, cum tamen nonnulla Vitium syluestrium, ac genera labruscarum apud illos suanpre natura in syluis passim prouenirent, arboresque, & frutices, quibus aduoluenbantur, vuis, acinisq. variorum colorum, & pampinis condecorarent, atque gratuitate sua, incuruarent.\u201d<br \/>\n<\/em><br \/>\nHernandez, F. (ca. 1570\u20131577). De cacaua quahuit seu arbore cacai. In: <em>De materia medica Novae Hispaniae Philippi Secundi Hispaniarum ac Indiarum regis invictissimi iussu.<\/em> Manuscript, transcribed by Recchi, L. A. [El Escorial, Madrid? : s.n., 1582?], ff.64l\u201366l. Originally in Latin.<br \/>\n<img loading=\"lazy\" decoding=\"async\" src=\"https:\/\/www.antipodes.cafe\/wp-content\/uploads\/2024\/11\/1571-hernandez-copied-chocolat-135.jpg\" alt=\"\" width=\"850\" height=\"175\" class=\"aligncenter size-full wp-image-36966\" srcset=\"https:\/\/www.antipodes.cafe\/wp-content\/uploads\/2024\/11\/1571-hernandez-copied-chocolat-135.jpg 850w, https:\/\/www.antipodes.cafe\/wp-content\/uploads\/2024\/11\/1571-hernandez-copied-chocolat-135-768x158.jpg 768w, https:\/\/www.antipodes.cafe\/wp-content\/uploads\/2024\/11\/1571-hernandez-copied-chocolat-135-600x124.jpg 600w\" sizes=\"auto, (max-width: 850px) 100vw, 850px\" \/><\/p>\n<\/div><div class=\"tabs-content\" id=\"tabs-1733224047900\"><p>Con total certeza podremos ver en el cacao la inmensidad de la fortaleza humana. De hecho, en el antiguo mundo, y en aquellos tiempos primitivos, cuando las necesidades de la vida humana eran esenciales, e incluso cuando los bienes deb\u00edan ser buscados de otros en su ausencia, no se intercambiaban por dinero. Ni el oro ni la moneda de plata circulaban a\u00fan, ni se estampaban im\u00e1genes de ganado, reyes o pr\u00edncipes en metal. La gente viv\u00eda por medio del trueque, como Homero cant\u00f3 del pasado, y con la abundancia de frutos que almacenaban para otros, se realizaba la ayuda mutua. Finalmente, se acu\u00f1aron metales y se estamparon, y miles de im\u00e1genes de cosas fueron vistas impresas en las monedas. Sin embargo, en este nuevo mundo, nunca hab\u00edan penetrado los signos de la avaricia, ni se hab\u00eda levantado la ambici\u00f3n, hasta que nuestro pueblo, llevado por viento y vela, realiz\u00f3 su asalto. No brillaban tanto para ellos el oro y la plata, los cuales especialmente abundaban; plumas de los m\u00e1s hermosos p\u00e1jaros, ciertos tejidos de algod\u00f3n, y gemas, que la tierra produce en abundancia de manera espont\u00e1nea, eran la suma de su riqueza y bienes. No se conoc\u00edan a\u00fan brazaletes, collares ni pulseras, salvo quiz\u00e1s aquellos hechos de flores, ni las perlas ten\u00edan valor para ellos. Caminaban casi desnudos, viviendo una vida alegre. Tampoco amontonaban vastos tesoros ni aumentaban la riqueza familiar, preocupados muy poco por el futuro, ni surg\u00eda nunca la preocupaci\u00f3n. Viv\u00edan al d\u00eda, entreg\u00e1ndose a sus inclinaciones con una humilde fortuna, pero tranquilos y felices, y disfrutaban de los mayores bienes naturales con gran deleite. Las semillas de cacao (Cacauatl) eran para ellos como el dinero, y constitu\u00edan la principal recompensa de la vida. Cuando era necesario, se intercambiaban, y esta costumbre perdura hasta el d\u00eda de hoy en muchos lugares. \u00bfPor qu\u00e9 no? Cuando a algunos pueblos orientales las conchas de Venus, a otros las hojas de ciertos \u00e1rboles, y a otros otras cosas, cumplen el papel del dinero. Adem\u00e1s, de esta semilla de cacao, con la que se iniciaron los intercambios, se realizaban los comercios y los bienes se transfer\u00edan a varios se\u00f1ores con su ayuda. Preparaban una bebida, siguiendo un m\u00e9todo descubierto similar al de la elaboraci\u00f3n del vino, aunque algunos vi\u00f1edos salvajes y tipos de uvas crec\u00edan de manera natural en sus bosques, junto con \u00e1rboles y arbustos, a los que se aferraban, cargados de frutos de varios colores y decorados con hojas, que se doblaban graciosamente con su propia abundancia.\"<\/p>\n<p>Hernandez, F. (ca. 1570\u20131577). De cacaua quahuit seu arbore cacai. En: <em>De materia medica Novae Hispaniae Philippi Secundi Hispaniarum ac Indiarum regis invictissimi iussu.<\/em> Manuscrito, transcrito por Recchi, L. A. [El Escorial, Madrid? : s.n., 1582?], ff.64l\u201366l. Originalmente en Lat\u00edn traducido por antipodes caf\u00e9, 2024. (\u00a1traductor taridor!)<\/p>\n<\/div><\/div><br \/>\n<script>\r\n\t\t\t\t\tjQuery(document).ready(function($)\r\n\t\t\t\t\t{\r\n\t\t\t\t\t\t$( \"#accordions-tabs-37284\" ).tabs({\r\n\t\t\t\t\t\t\t\tcollapsible: true,\r\n\t\t\t\t\t\t\t\tevent: \"click\",\r\n\t\t\t\t\t\t\t\tactive: \"\",\t\t\t\t\t\t\t\t\r\n\t\t\t\t\t\t\t\t});\r\n\t\t\t\t\t\t\t\t\t})\r\n\r\n\t\t\t\t\t<\/script><style type='text\/css'>\r\n\t\t\t\/\/#accordions-tabs-37284{display: none;}\r\n\t\t#accordions-tabs-37284{\r\n\t\t\t\ttext-align: left;}\r\n\t\t#accordions-tabs-37284{\r\n\t\t\t\tbackground: url() repeat scroll 0 0;\r\n\t\t\t\tpadding: 0;\r\n\t\t\t\t}\r\n\t\t#accordions-tabs-37284 .accordions-tab-head{\r\n\t\t\tbackground:rgba(112,176,255,1) none repeat scroll 0 0;\r\n\t\t\tcolor:#ffffff;\r\n\t\t\tfont-size:14px;\r\n\t\t\t\r\n\t\t\tmargin:1px;\r\n\t\t\tpadding:10px;\t\t\t\r\n\t\t\t}\t\t\r\n\t\t\r\n\t\t#accordions-tabs-37284 .accordions-head-title{\r\n\t\t\t\r\n\t\t\t}\r\n\t\t\r\n\t\t\r\n\t\t#accordions-tabs-37284 .ui-tabs-active a{\r\n\t\t\tbackground: #4b8fe3;\r\n\t\t\r\n\t\t\t}\r\n\t\t#accordions-tabs-37284 .tabs-content{\r\n\t\t\t\tbackground:rgba(255,255,255,1) none repeat scroll 0 0;\r\n\t\t\t\t\r\n\t\t\t\tcolor:#333333;\r\n\t\t\t\tfont-size:13px;\r\n\t\t\t\tmargin:0;\r\n\t\t\t\tpadding:10px;\r\n\t\t\t\t}\r\n\t\t\t\t\r\n\t\t#accordions-tabs-37284 .accordions-tab-icons{\r\n\t\t\t\tcolor:#565656;\r\n\t\t\t\tfont-size:16px;\t\t\t\t\r\n\t\t\t\t}\r\n\t\t\t\t<\/style><p id=\"accordions-tabs-lazy-37284\" class=\"accordions-tabs-lazy\"><img decoding=\"async\" src=\"https:\/\/www.antipodes.cafe\/wp-content\/plugins\/accordions\/assets\/frontend\/images\/loading.gif\"\/><\/p><script>jQuery( window ).load(function() {\r\n\t\t\tjQuery('#accordions-tabs-lazy-37284').fadeOut();\r\n\t\t\tjQuery('#accordions-tabs-37284').fadeIn();\r\n\t\t\t});<\/script><div id=\"accordions-tabs-37284\" class=\"accordions-tabs-themes accordions-tabs flat accordions-tabs-37284\"><ul><li class=\"tabs-nav\" ><a style=\"\" class=\"accordions-tab-head\" href=\"#tabs-0\"><i class=\"accordions-tab-icons left accordions-tab-plus fa fa-chevron-up\"><\/i><i class=\"accordions-tab-icons left accordions-tab-minus fa fa-arrow-down fa-chevron-down\"><\/i><span class=\"accordions-tabs-head-title\">Demo Title<\/span><\/a><\/li><\/ul><div class=\"tabs-content\" id=\"tabs-0\"><p>Demo content<\/p>\n<\/div><\/div><br \/>\n\r\n\t\t\t\r\n\t\t\t\r\n\t\t\t\r\n\t\t\t<script>jQuery(document).ready(function($){$(\"#accordions-37042.accordions\").accordion({event: \"click\",collapsible: true,heightStyle: \"content\",animate: (\"linear\", 1000),navigation: true,active: 999999,changestart: function(event, ui) {\r\n\t\t\t\t\t\t\t\tchild.accordion(\"activate\", false); \r\n\t\t\t\t\t\t\t}\r\n\t\t\t\t\t\t});\r\n\t\t\t\t\t\tvar child = $(\".child-accordion\").accordion({\r\n\t\t\t\t\t\t\tactive:true,heightStyle: \"content\",\r\n\t\t\t\t\t\t\tcollapsible: true,\r\n\t\t\t\t\t\t\tanimated: \"swing\",\r\n\t\t\t\t\t\t});\r\n\t\t\t\t\t})<\/script><style type='text\/css'>\r\n\t#accordions-37042{\r\n\t\t\ttext-align: left;}\r\n\t#accordions-37042{\r\n\t\t\tbackground: url() repeat scroll 0 0;\r\n\t\t\tpadding: 0;\r\n\t\t\t}\r\n\t#accordions-37042 .accordions-head{\r\n\t\t\r\n\t\tbackground:rgba(239,239,239,1) none repeat scroll 0 0;\r\n\t\tmargin:1px;\r\n\t\tpadding:10px;\t\t\t\r\n\t\t}\t\t\r\n\t\r\n\t#accordions-37042 .accordions-head-title{\r\n\t\tcolor:#322200;\r\n\t\tfont-size:12px;\r\n\t\t}\r\n\t\r\n\t#accordions-37042 .accordions-head-title-toogle{\r\n\t\tcolor:#322200;\r\n\t\tfont-size:12px;\r\n\t\t}\t\r\n\t\r\n\t\r\n\t#accordions-37042 .accordions-head:hover .accordions-head-title{\r\n\t\tcolor:#ffffff;\r\n\t\t}\t\t\r\n\t\r\n\t\r\n\t#accordions-37042 .ui-accordion-header-active{\r\n\t\tbackground: #ffde00;\r\n\t\r\n\t\t}\r\n\t#accordions-37042 .accordion-content{\r\n\t\t\tbackground:rgba(255,255,255,1) none repeat scroll 0 0;\r\n\t\t\tcolor:#322200;\r\n\t\t\tfont-size:12px;\r\n\t\t\tmargin:0px;\r\n\t\t\tpadding:0px;\r\n\t\t\t}\r\n\t\t\t\r\n\t\r\n\t#accordions-37042 .accordion-icons{\r\n\t\t\tcolor:#ffffff;\r\n\t\t\tfont-size:12px;\t\t\t\t\r\n\t\t\t}\r\n\t\t\t\r\n\t#accordions-37042 .accordions-head:hover .accordion-icons{\r\n\t\t\tcolor:#ffde00;\t\t\t\r\n\t\t\t}\t\t\t\t\r\n\t\t\t\r\n\t\t\t<\/style><style type=\"text\/css\">#accordions-37042{}\r\n#accordions-37042 .accordions-head{}\r\n#accordions-37042 .accordion-content{}<\/style><div id=\"accordions-37042\" class=\"accordions accordions-themes flat accordions-37042\"><div id=\"0\" style=\"\" class=\"accordions-head head0\" toogle-text=\"ILLEGAL TENDER: INDEX\" main-text=\"ILLEGAL TENDER: INDEX\" ><div class=\"accordion-icons left accordion-plus fa fa-chevron-up\"><\/div><div class=\"accordion-icons left accordion-minus fa fa-chevron-down\"><\/div><div id=\"0\"    class=\"accordions-head-title\">ILLEGAL TENDER: INDEX<\/div><\/div><div class=\"accordion-content content0\"><table>\n<tbody>\n<tr>\n<th>COMMENTS<\/th>\n<th>DETAIL<\/th>\n<\/tr>\n<tr>\n<td>i. Moneda de Cambio<\/td>\n<td>4000 cacao seeds (glued to the wall)<\/td>\n<\/tr>\n<tr>\n<td>ii. Moneda de Cambio<\/td>\n<td>2 cacao sacks (mound OR hanged)<\/td>\n<\/tr>\n<tr>\n<td>iii. 2 Marcos Alemanes<\/td>\n<td>Diptych: 2 frames, each with 2 chocolate coins (both sides)\u20141 Deutsche Mark and 0.50 German Euro.<\/td>\n<\/tr>\n<tr>\n<td>iv. Hobby of Kings<\/td>\n<td>Chocolate coin collection (+500 pieces)<\/td>\n<\/tr>\n<tr>\n<td>v. D\u0115\u016bro<\/td>\n<td>Chocolate coins minted in Madrid<\/td>\n<\/tr>\n<tr>\n<td>vi. Cambio<\/td>\n<td>Exchange booth (1 Euro \u2259 1 D\u0115\u016bro)<\/td>\n<\/tr>\n<tr>\n<td>vii. Cambio<\/td>\n<td>Exchange machine (1 Euro \u2259 1 D\u0115\u016bro)<\/td>\n<\/tr>\n<tr>\n<th>DISPLAY<\/th>\n<th>\u2026<\/th>\n<\/tr>\n<tr>\n<td>Logro\u00f1o City Hall<\/td>\n<td>i,ii,iv,v,vi (2022.11)<\/td>\n<\/tr>\n<tr>\n<td>Obrador, Montevideo<\/td>\n<td>i,ii,iii,v (2023.01)<\/td>\n<\/tr>\n<\/tbody>\n<\/table>\n<p><strong>Download: <\/strong><a href=\"https:\/\/www.antipodes.cafe\/wp-content\/uploads\/2024\/10\/ae24_catalog-comments-ILLEGAL-TENDER.pdf\">Illegal Tender (comments -PDF)<\/a><\/p>\n<\/div><\/div><br \/>\n<strong><span style=\"color: #ff0000;\">(EN CONSTRUCCI\u00d3N)<\/span><\/strong><br \/>\n<em>antipodes caf\u00e9<\/em><br \/>\n_<\/p>\n<p>2025<\/p>\n","protected":false},"excerpt":{"rendered":"<p>\u201cSerpentes parvul\u00e6 fallunt nec publice conquiruntur; ubi aliqua solitam mensuram transit et in monstrum excrevit, ubi fontes sputu inficit et,&hellip;<\/p>\n","protected":false},"author":11,"featured_media":0,"parent":0,"menu_order":0,"comment_status":"closed","ping_status":"closed","template":"","meta":{"ngg_post_thumbnail":0,"footnotes":""},"class_list":["post-21426","page","type-page","status-publish","hentry"],"_links":{"self":[{"href":"https:\/\/www.antipodes.cafe\/es\/wp-json\/wp\/v2\/pages\/21426","targetHints":{"allow":["GET"]}}],"collection":[{"href":"https:\/\/www.antipodes.cafe\/es\/wp-json\/wp\/v2\/pages"}],"about":[{"href":"https:\/\/www.antipodes.cafe\/es\/wp-json\/wp\/v2\/types\/page"}],"author":[{"embeddable":true,"href":"https:\/\/www.antipodes.cafe\/es\/wp-json\/wp\/v2\/users\/11"}],"replies":[{"embeddable":true,"href":"https:\/\/www.antipodes.cafe\/es\/wp-json\/wp\/v2\/comments?post=21426"}],"version-history":[{"count":50,"href":"https:\/\/www.antipodes.cafe\/es\/wp-json\/wp\/v2\/pages\/21426\/revisions"}],"predecessor-version":[{"id":37285,"href":"https:\/\/www.antipodes.cafe\/es\/wp-json\/wp\/v2\/pages\/21426\/revisions\/37285"}],"wp:attachment":[{"href":"https:\/\/www.antipodes.cafe\/es\/wp-json\/wp\/v2\/media?parent=21426"}],"curies":[{"name":"wp","href":"https:\/\/api.w.org\/{rel}","templated":true}]}}