{"id":20041,"date":"2017-02-02T10:00:18","date_gmt":"2017-02-02T09:00:18","guid":{"rendered":"https:\/\/www.antipodes.cafe\/terms-conditions\/"},"modified":"2025-03-10T09:55:11","modified_gmt":"2025-03-10T08:55:11","slug":"terms-conditions","status":"publish","type":"page","link":"https:\/\/www.antipodes.cafe\/es\/terms-conditions\/","title":{"rendered":"T\u00e9rminos y condiciones"},"content":{"rendered":"<p><span style=\"font-weight: 400;\">Si precisas de m\u00e1s informaci\u00f3n o si tienes preguntas o sugerencias sobre nuestro sitio y estos t\u00e9rminos, por favor si\u00e9ntete libre de\u00a0<a href=\"http:\/\/antipodescafe.org\/es\/contacto\/\">contactarnos<\/a> .<\/span><\/p>\n<p><span style=\"font-weight: 400;\">Al utilizar este sitio web parcialmente o en su totalidad, <\/span>garantizas tu conformidad con nuestros <a href=\"https:\/\/www.antipodes.cafe\/es\/terms-conditions\/\">t\u00e9rminos y condiciones.<\/a><br \/>\n\r\n\t\t\t\r\n\t\t\t\r\n\t\t\t\r\n\t\t\t<script>jQuery(document).ready(function($){$(\"#accordions-19529.accordions\").accordion({event: \"click\",collapsible: true,heightStyle: \"content\",animate: (\"linear\", 150),navigation: true,active: 5,changestart: function(event, ui) {\r\n\t\t\t\t\t\t\t\tchild.accordion(\"activate\", false); \r\n\t\t\t\t\t\t\t}\r\n\t\t\t\t\t\t});\r\n\t\t\t\t\t\tvar child = $(\".child-accordion\").accordion({\r\n\t\t\t\t\t\t\tactive:true,heightStyle: \"content\",\r\n\t\t\t\t\t\t\tcollapsible: true,\r\n\t\t\t\t\t\t\tanimated: \"swing\",\r\n\t\t\t\t\t\t});\r\n\t\t\t\t\t})<\/script><style type='text\/css'>\r\n\t#accordions-19529{\r\n\t\t\ttext-align: left;}\r\n\t#accordions-19529{\r\n\t\t\tbackground:#ffffff url() repeat scroll 0 0;\r\n\t\t\tpadding: 0px;\r\n\t\t\t}\r\n\t#accordions-19529 .accordions-head{\r\n\t\t\r\n\t\tbackground:rgba(134,118,103,1) none repeat scroll 0 0;\r\n\t\tmargin:1px;\r\n\t\tpadding:7px;\t\t\t\r\n\t\t}\t\t\r\n\t\r\n\t#accordions-19529 .accordions-head-title{\r\n\t\tcolor:#ffffff;\r\n\t\tfont-size:14px;\r\n\t\t}\r\n\t\r\n\t#accordions-19529 .accordions-head-title-toogle{\r\n\t\tcolor:#ffffff;\r\n\t\tfont-size:14px;\r\n\t\t}\t\r\n\t\r\n\t\r\n\t#accordions-19529 .accordions-head:hover .accordions-head-title{\r\n\t\tcolor:#ffffff;\r\n\t\t}\t\t\r\n\t\r\n\t\r\n\t#accordions-19529 .ui-accordion-header-active{\r\n\t\tbackground: #ffd600;\r\n\t\r\n\t\t}\r\n\t#accordions-19529 .accordion-content{\r\n\t\t\tbackground:rgba(255,255,255,1) none repeat scroll 0 0;\r\n\t\t\tcolor:#666666;\r\n\t\t\tfont-size:13px;\r\n\t\t\tmargin:0;\r\n\t\t\tpadding:10px;\r\n\t\t\t}\r\n\t\t\t\r\n\t\r\n\t#accordions-19529 .accordion-icons{\r\n\t\t\tcolor:#ffffff;\r\n\t\t\tfont-size:9px;\t\t\t\t\r\n\t\t\t}\r\n\t\t\t\r\n\t#accordions-19529 .accordions-head:hover .accordion-icons{\r\n\t\t\tcolor:#ffffff;\t\t\t\r\n\t\t\t}\t\t\t\t\r\n\t\t\t\r\n\t\t\t<\/style><style type=\"text\/css\">#accordions-8742{}\r\n#accordions-8742 .accordions-head{}\r\n#accordions-8742 .accordion-content{}<\/style><div id=\"accordions-19529\" class=\"accordions accordions-themes flat accordions-19529\"><div id=\"0\" style=\"\" class=\"accordions-head head0\" toogle-text=\"\" main-text=\"AVISO LEGAL\" ><div class=\"accordion-icons left accordion-plus fa fa-chevron-up\"><\/div><div class=\"accordion-icons left accordion-minus fa fa-exclamation-triangle\"><\/div><div id=\"0\"    class=\"accordions-head-title\">AVISO LEGAL<\/div><\/div><div class=\"accordion-content content0\"><p>Este sitio web es operado por antipodes caf\u00e9. Organizaci\u00f3n sin fines de lucro con sede en Oslo que explora diariamente la vida cotidiana (NO 914484855).<\/p>\n<p>A lo largo de este sitio web, el uso de t\u00e9rminos \"nosotres\", \"nos\", \"nuestra\" y \"nuestro\" se refieren a <em> antipodes caf\u00e9 <\/ em>.<\/p>\n<p><em> antipodes caf\u00e9 <\/ em> ofrece este sitio web, que incluye toda la informaci\u00f3n, las herramientas y los servicios disponibles en este sitio para usted, el usuario, condicionado a la aceptaci\u00f3n de todos los t\u00e9rminos, condiciones, pol\u00edticas y avisos aqu\u00ed establecidos.<\/p>\n<p>Toda la informaci\u00f3n en este sitio web se publica de buena fe y solo con fines de informaci\u00f3n general. <em> S\u00ed, sabemos que la \"buena fe\" no dice mucho hoy d\u00eda... <\/ em><\/p>\n<p><strong> antipodes caf\u00e9 <\/ strong> no garantiza la integridad, fiabilidad y precisi\u00f3n de toda la informaci\u00f3n incluida. <em> Ya sabes, la poes\u00eda puede ocurrir en cualquier momento. <\/ em><\/p>\n<p>Cualquier acci\u00f3n que realice con la informaci\u00f3n que encuentre en este sitio web (con todo el contenido incluido dentro del dominio https:\/\/www.antipodes.cafe) corre bajo su propio riesgo. <strong> antipodes caf\u00e9 <\/ strong> no ser\u00e1 responsable de ninguna p\u00e9rdida y \/ o da\u00f1os en relaci\u00f3n con el uso de nuestro sitio web.<\/p>\n<p>No somos responsables si la informaci\u00f3n disponible en este sitio no es precisa, completa o actual. Si lo somos de gramaticales errores y cada falta de la hortograf\u00eda tambi\u00e9n. El material de este sitio se proporciona solo para informaci\u00f3n general y no se debe confiar ni utilizar como la \u00fanica base para tomar decisiones sin consultar fuentes de informaci\u00f3n primarias, m\u00e1s precisas, m\u00e1s completas u m\u00e1s oportunas. Cualquier confianza en el material de este sitio es bajo su propio riesgo. As\u00ed que por favor no tomen nada por sentado, ni siquiera el caf\u00e9. Confiamos en ustedes.<\/p>\n<p><strong> antipodescafe.org <\/ strong> se cre\u00f3 con el <i> Sistema de gesti\u00f3n de contenido <\/ i> <a href=\"http:\/\/wordpress.org\"> Wordpress <\/a> \"con diversos temas y complementos. El tema de la p\u00e1gina de inicio se llama <a href=\"http:\/\/superlist.byaviators.com\/\"> Superlist <\/a> creado por <a href=\"http:\/\/themeforest.net\/user\/aviators\/portfolio\"> Aviators<\/a>a quienes les compramos una licencia para este sitio web.<br \/>\npero lamentablemente no lo actualizan m\u00e1s y por ende puede incluir problemas t\u00e9cnicos con actualizaci\u00f3n de diversos navegadores. Este sitio se est\u00e1 ejecutando en varios idiomas gracias a <a href=\"https:\/\/wpml.org\/\"> WPML <\/a>. \u00a1El mejor plugin multiling\u00fce, por lejos! (thanks!)<\/p>\n<p>Todos los mapas incluidos en nuestro sitio web presentan informaci\u00f3n de su fuente y sus <a href=\"https:\/\/www.google.com\/intl\/es-ES_US\/help\/terms_maps.html\"> T\u00e9rminos de uso <\/a>. (Probablemente \u00a9 Google, INEGI).<\/p>\n<p>Los art\u00edculos en este sitio pueden incluir contenido integrado (por ejemplo, videos, im\u00e1genes, documentos, hojas, etc.) de diversas fuentes y el uso de tecnolog\u00eda de otros sistemas como YouTube, Google, Instagram, Facebook, etc. El contenido integrado de otros sitios web se comporta de exactamente de la misma manera que si el visitante hubiera visitado el otro sitio web. Estos sitios web pueden recopilar datos sobre usted, utilizar cookies, incrustar un seguimiento de terceros adicional y supervisar su interacci\u00f3n con ese contenido incrustado, incluyendo el rastreo de su interacci\u00f3n con el contenido incrustado si tiene una cuenta y est\u00e1 conectado a ese sitio web.<\/p>\n<p>Desde nuestro sitio web, puede visitar otros sitios web siguiendo los enlaces a dichos sitios externos. Si bien nos esforzamos por proporcionar enlaces de calidad a referencias y sitios web \u00fatiles, no tenemos control sobre lo nuestro y mucho menos sobre el contenido y la naturaleza de estos sitios de otros. Estos enlaces a otros sitios web no implican una recomendaci\u00f3n para todo el contenido que se encuentra en estos sitios. Los propietarios del sitio y el contenido pueden cambiar sin previo aviso y pueden ocurrir antes de que tengamos la oportunidad de eliminar un enlace que puede haber salido \"mal\". Por favor, av\u00edsenos si falta algo, enlaces rotos o cualquier tipo de sugerencia. A fin de cuentas, todo esto de internet y avisos legales es un entrevero de palabras! \u00a1Gracias por su incomprensi\u00f3n!<\/p>\n<\/div><div id=\"1487479795327\" style=\"\" class=\"accordions-head head1487479795327\" toogle-text=\"\" main-text=\"EXACTITUD, INTEGRIDAD Y PUNTUALIDAD DE LA INFORMACI\u00d3N\" ><div class=\"accordion-icons left accordion-plus fa fa-chevron-up\"><\/div><div class=\"accordion-icons left accordion-minus fa fa-legal\"><\/div><div id=\"1487479795327\"    class=\"accordions-head-title\">EXACTITUD, INTEGRIDAD Y PUNTUALIDAD DE LA INFORMACI\u00d3N<\/div><\/div><div class=\"accordion-content content1487479795327\"><p>Este sitio puede contener cierta informaci\u00f3n hist\u00f3rica. La informaci\u00f3n hist\u00f3rica, necesariamente, no es actual y se proporciona \u00fanicamente como referencia. Nos reservamos el derecho de modificar el contenido de este sitio en cualquier momento, pero no tenemos la obligaci\u00f3n de actualizar ninguna informaci\u00f3n en nuestro sitio. Usted acepta que es su responsabilidad controlar los cambios en nuestro sitio y de nosotros nuestras siestas.<br \/>\nNos reservamos el derecho, a nuestra entera discreci\u00f3n, de actualizar, cambiar o reemplazar cualquier parte de estos T\u00e9rminos de Servicio publicando actualizaciones y cambios en nuestro sitio web. Es su responsabilidad consultar nuestro sitio web peri\u00f3dicamente para ver los cambios. Su uso o acceso continuo a nuestro sitio web o al Servicio despu\u00e9s de la publicaci\u00f3n de cualquier cambio en estos T\u00e9rminos de Servicio constituye la aceptaci\u00f3n de dichos cambios.<\/p>\n<\/div><div id=\"1487479843005\" style=\"\" class=\"accordions-head head1487479843005\" toogle-text=\"\" main-text=\"T\u00c9RMINOS DEL SERVICIO\" ><div class=\"accordion-icons left accordion-plus fa fa-chevron-up\"><\/div><div class=\"accordion-icons left accordion-minus fa fa-legal\"><\/div><div id=\"1487479843005\"    class=\"accordions-head-title\">T\u00c9RMINOS DEL SERVICIO<\/div><\/div><div class=\"accordion-content content1487479843005\"><p>ver texto en ingl\u00e9s<\/p>\n<\/div><div id=\"1529059322343\" style=\"\" class=\"accordions-head head1529059322343\" toogle-text=\"\" main-text=\"POLIZA DE PRIVACIDAD\" ><div class=\"accordion-icons left accordion-plus fa fa-chevron-up\"><\/div><div class=\"accordion-icons left accordion-minus fa fa-chevron-down\"><\/div><div id=\"1529059322343\"    class=\"accordions-head-title\">POLIZA DE PRIVACIDAD<\/div><\/div><div class=\"accordion-content content1529059322343\"><p>ver texto en ingl\u00e9s<\/p>\n<\/div><div id=\"1487479896004\" style=\"\" class=\"accordions-head head1487479896004\" toogle-text=\"CREATIVE COMMONS INTERNATIONAL LICENSE (BRIEF INFO)\" main-text=\"LICENCIA\" ><div class=\"accordion-icons left accordion-plus fa fa-chevron-up\"><\/div><div class=\"accordion-icons left accordion-minus fa fa-cc\"><\/div><div id=\"1487479896004\"    class=\"accordions-head-title\">LICENCIA<\/div><\/div><div class=\"accordion-content content1487479896004\"><p><img decoding=\"async\" src=\"https:\/\/i.creativecommons.org\/l\/by-nc-sa\/4.0\/80x15.png\" \/><\/p>\n<p>\u00a0<\/p>\n<p><strong>antipodescafe.org<\/strong> es propiedad de antipodes caf\u00e9 y\u00a0todo el contenido generado por antipodes caf\u00e9\u00a0est\u00e1 bajo una licencia Internacional de Creative Commons\u00a0<strong>(\u201cCC-BY-NC-SA-4.0\u201d)<\/strong> <a href=\"http:\/\/creativecommons.org\/licenses\/by-nc-sa\/4.0\/legalcode\" target=\"_blank\" rel=\"noopener noreferrer\">Leer m\u00e1s\u2026<\/a><\/p>\n<p><strong>\u00bfQu\u00e9 te permite esta licencia?<\/strong><br \/>\nPodr\u00e1s tomar el contenido de esta web que no pertenezca a terceros y usarlo a tu antojo, con esa ternura que te caracteriza y siempre que no sea con fines comerciales. Adem\u00e1s deber\u00e1s mencionar la fuente como \"<strong>antipodes caf\u00e9<\/strong>\" o \"<strong>antipodes caf\u00e9.org<\/strong>\"\u00a0y otorgar a tu resultado la misma licencia\u00a0<b><a href=\"http:\/\/creativecommons.org\/licenses\/by-nc-sa\/4.0\/deed.es_ES\">CC BY-NC-SA 4.0<\/a><\/b>.<\/p>\n<p><strong>\u00bfUn mazazo?<\/strong><\/p>\n<p>Nah, podr\u00eda haber sido peor.<\/p>\n<p><strong>\u00bfQu\u00e9 parte\u00a0puede contar con otra licencia?<\/strong><\/p>\n<p>Mapas y software complementario para su correcta ejecuci\u00f3n.<br \/>\nTema o plugins de Wordpress.<br \/>\nSoftware complementario para visualizaciones en realidad virtual.<br \/>\nContenido de enlaces incrustados en el sitio web.<br \/>\nCiertas im\u00e1genes, videos y citas que\u00a0son propiedad de otros autores. (generalmente mencionan fuentes y licencias de Creative Commons o la nefasta \u00ae)<\/p>\n<p><strong>\u00bfDudas?<\/strong><\/p>\n<p><a href=\"..\/contact\/\">Pregunte que no molesta<\/a><\/p>\n<\/div><div id=\"1487479925321\" style=\"\" class=\"accordions-head head1487479925321\" toogle-text=\"antipodes caf\u00e9 (BR\u00d8NN\u00d8YSUNDREGISTRENE)\" main-text=\"INFORMACI\u00d3N LEGAL\" ><div class=\"accordion-icons left accordion-plus fa fa-chevron-up\"><\/div><div class=\"accordion-icons left accordion-minus fa fa-legal\"><\/div><div id=\"1487479925321\"    class=\"accordions-head-title\">INFORMACI\u00d3N LEGAL<\/div><\/div><div class=\"accordion-content content1487479925321\"><p>NO 914484855 \u2013 Asociaci\u00f3n Cultural<br \/>\n7000\u00a0Organizaci\u00f3n sin fines de lucro<br \/>\n<a href=\"http:\/\/w2.brreg.no\/enhet\/sok\/detalj.jsp?orgnr=914484855\" target=\"_blank\" rel=\"noopener noreferrer\">M\u00e1s informaci\u00f3n legal (en Noruego \u2013 Br\u00f8nn\u00f8ysundregistrene)<\/a>\u2014<\/p>\n<\/div><div id=\"1487479944998\" style=\"\" class=\"accordions-head head1487479944998\" toogle-text=\"\" main-text=\"MARCA REGISTRADA\" ><div class=\"accordion-icons left accordion-plus fa fa-chevron-up\"><\/div><div class=\"accordion-icons left accordion-minus fa fa-trademark\"><\/div><div id=\"1487479944998\"    class=\"accordions-head-title\">MARCA REGISTRADA<\/div><\/div><div class=\"accordion-content content1487479944998\"><p><strong>antipodes caf\u00e9<\/strong>\u00a0y su logo son marcas registradas en la Oficina de Propiedad Industrial de Noruega.<\/p>\n<p>Reg: 285203<\/p>\n<\/div><\/div><\/p>\n<p><span style=\"color: #408edd;\"><em>antipodes.cafe | antipodescafe.org |\u00a0 antipodescafe.no | antipodescafe.net | antipodescafe.com<\/em><\/span><\/p>\n<hr \/>\n<p><em><strong>antipodes caf\u00e9<\/strong><br \/>\n\u00daltima actualizaci\u00f3n (t\u00e9rminos y condiciones):\u00a02018.o8.08\u00a0\ud83d\udc9b\ud83d\udc9b\ud83d\udc9b<\/em><\/p>\n","protected":false},"excerpt":{"rendered":"<p>Si precisas de m\u00e1s informaci\u00f3n o si tienes preguntas o sugerencias sobre nuestro sitio y estos t\u00e9rminos, por favor si\u00e9ntete&hellip;<\/p>\n","protected":false},"author":11,"featured_media":9306,"parent":0,"menu_order":0,"comment_status":"closed","ping_status":"closed","template":"","meta":{"ngg_post_thumbnail":0,"footnotes":""},"class_list":["post-20041","page","type-page","status-publish","has-post-thumbnail","hentry"],"_links":{"self":[{"href":"https:\/\/www.antipodes.cafe\/es\/wp-json\/wp\/v2\/pages\/20041","targetHints":{"allow":["GET"]}}],"collection":[{"href":"https:\/\/www.antipodes.cafe\/es\/wp-json\/wp\/v2\/pages"}],"about":[{"href":"https:\/\/www.antipodes.cafe\/es\/wp-json\/wp\/v2\/types\/page"}],"author":[{"embeddable":true,"href":"https:\/\/www.antipodes.cafe\/es\/wp-json\/wp\/v2\/users\/11"}],"replies":[{"embeddable":true,"href":"https:\/\/www.antipodes.cafe\/es\/wp-json\/wp\/v2\/comments?post=20041"}],"version-history":[{"count":6,"href":"https:\/\/www.antipodes.cafe\/es\/wp-json\/wp\/v2\/pages\/20041\/revisions"}],"predecessor-version":[{"id":37141,"href":"https:\/\/www.antipodes.cafe\/es\/wp-json\/wp\/v2\/pages\/20041\/revisions\/37141"}],"wp:featuredmedia":[{"embeddable":true,"href":"https:\/\/www.antipodes.cafe\/es\/wp-json\/wp\/v2\/media\/9306"}],"wp:attachment":[{"href":"https:\/\/www.antipodes.cafe\/es\/wp-json\/wp\/v2\/media?parent=20041"}],"curies":[{"name":"wp","href":"https:\/\/api.w.org\/{rel}","templated":true}]}}