{"id":20029,"date":"2017-08-18T13:00:55","date_gmt":"2017-08-18T11:00:55","guid":{"rendered":"https:\/\/www.antipodes.cafe\/garbibai2012-2015\/"},"modified":"2017-08-28T15:21:37","modified_gmt":"2017-08-28T13:21:37","slug":"garbibai2012-2015","status":"publish","type":"page","link":"https:\/\/www.antipodes.cafe\/es\/garbibai2012-2015\/","title":{"rendered":"GARBIBAI"},"content":{"rendered":"<p>En 2012, <b>GONDOLIN KLUB<\/b> &#8211;<em>el primer club de SUP de Europa<\/em>&#8211; comenz\u00f3 GARBIBAI como la primera carrera mundial de limpieza de un r\u00edo en SUP, precisamente en el Urumea, r\u00edo que atraviesa la ciudad de San Sebastian en el Pa\u00eds Vasco.<\/p>\n<p>Apenas culminada la carrera, la organizaci\u00f3n le env\u00eda fotograf\u00edas de los objetos recolectados a antipodes caf\u00e9, quien sugiere inmediatamente realizar un desv\u00edo a esta actividad deportiva mediante la estrat\u00e9gica inclusi\u00f3n de instancias de PRESENTACI\u00d3N y REUSO de los objetos recogidos \u2013que desde tal momento debieran ser llamados \u00abtesoros\u00bb\u2013 as\u00ed como la inclusi\u00f3n de una comunicaci\u00f3n participativa y acumulativa edici\u00f3n tras edici\u00f3n.<\/p>\n<p>El resultado de tal propuesta incluy\u00f3 numerosas, desde sutiles a notorias situaciones tales como:<br \/>\n<em><br \/>\n&#8211; una intervenci\u00f3n urbana presentando al otro d\u00eda de la carrera, todo lo recogido frente al Ayuntamiento de San Sebasti\u00e1n,<br \/>\n&#8211; un taller en un centro de arte con una consecuente exposic\u00f3n la cual puede ser itinerante, cuya primera etapa fue en un centro de informaci\u00f3n comercial<br \/>\n&#8211; una competencia de pegado de carteles utilizando una cinta adhesiva especial la cual fue utilizada para las m\u00e1s impensables posibilidades, incluyendo la uni\u00f3n para bailar \u00abGARBIBAI style\u00bb en la fiesta organizada en cada edici\u00f3n la noche posterior a la carrera, competencia presentada en exposiciones de dise\u00f1o<br \/>\n&#8211; la creaci\u00f3n de una mascota (KKTUA) para talleres de ni\u00f1os<br \/>\ny tantos otros detalles\u2026 <\/em><br \/>\ny este proyecto as\u00ed evolucion\u00f3 d\u00eda a d\u00eda, edici\u00f3n tras edici\u00f3n en un inevitable progreso que incluy\u00f3 a tantas personas dando lo mejor de s\u00ed, hasta que el r\u00edo entr\u00f3 en su boca, donde las dulces aguas chocan contra las saladas.<\/p>\n<p>Actividades centrales de GARBIBAI, desde su primera edici\u00f3n formaron parte de un festival masivo llamado OLATU TALKA, originado para celebrar la selecci\u00f3n de San Sebasti\u00e1n como capital Europea de la Cultura en 2016, a\u00f1o en que la organizaci\u00f3n resolvi\u00f3 no continuar con GARBIBAI.<\/p>\n<p>Este fue el proyecto m\u00e1s hermoso en el que hemos participado al momento, Miles de historias acumuladas en nuestros remos, corazones e h\u00edgados.<em> Txotx!<\/em><\/p>\n<h4>\r\n\t\t\t\r\n\t\t\t\r\n\t\t\t\r\n\t\t\t<script>jQuery(document).ready(function($){$(\"#accordions-19956.accordions\").accordion({event: \"click\",collapsible: true,heightStyle: \"content\",animate: (\"linear\", 1000),navigation: true,active: 999999,changestart: function(event, ui) {\r\n\t\t\t\t\t\t\t\tchild.accordion(\"activate\", false); \r\n\t\t\t\t\t\t\t}\r\n\t\t\t\t\t\t});\r\n\t\t\t\t\t\tvar child = $(\".child-accordion\").accordion({\r\n\t\t\t\t\t\t\tactive:true,heightStyle: \"content\",\r\n\t\t\t\t\t\t\tcollapsible: true,\r\n\t\t\t\t\t\t\tanimated: \"swing\",\r\n\t\t\t\t\t\t});\r\n\t\t\t\t\t})<\/script><style type='text\/css'>\r\n\t#accordions-19956{\r\n\t\t\ttext-align: left;}\r\n\t#accordions-19956{\r\n\t\t\tbackground: url() repeat scroll 0 0;\r\n\t\t\tpadding: 0px;\r\n\t\t\t}\r\n\t#accordions-19956 .accordions-head{\r\n\t\t\r\n\t\tbackground:rgba(199,190,182,1) none repeat scroll 0 0;\r\n\t\tmargin:1px;\r\n\t\tpadding:7px;\t\t\t\r\n\t\t}\t\t\r\n\t\r\n\t#accordions-19956 .accordions-head-title{\r\n\t\tcolor:#ffffff;\r\n\t\tfont-size:13px;\r\n\t\t}\r\n\t\r\n\t#accordions-19956 .accordions-head-title-toogle{\r\n\t\tcolor:#ffffff;\r\n\t\tfont-size:13px;\r\n\t\t}\t\r\n\t\r\n\t\r\n\t#accordions-19956 .accordions-head:hover .accordions-head-title{\r\n\t\tcolor:#ffffff;\r\n\t\t}\t\t\r\n\t\r\n\t\r\n\t#accordions-19956 .ui-accordion-header-active{\r\n\t\tbackground: #ffe770;\r\n\t\r\n\t\t}\r\n\t#accordions-19956 .accordion-content{\r\n\t\t\tbackground:rgba(255,255,255,1) none repeat scroll 0 0;\r\n\t\t\tcolor:#666666;\r\n\t\t\tfont-size:13px;\r\n\t\t\tmargin:0px;\r\n\t\t\tpadding:0px;\r\n\t\t\t}\r\n\t\t\t\r\n\t\r\n\t#accordions-19956 .accordion-icons{\r\n\t\t\tcolor:#ffffff;\r\n\t\t\tfont-size:9px;\t\t\t\t\r\n\t\t\t}\r\n\t\t\t\r\n\t#accordions-19956 .accordions-head:hover .accordion-icons{\r\n\t\t\tcolor:#ffffff;\t\t\t\r\n\t\t\t}\t\t\t\t\r\n\t\t\t\r\n\t\t\t<\/style><style type=\"text\/css\">#accordions-19956{}\r\n#accordions-19956 .accordions-head{}\r\n#accordions-19956 .accordion-content{}<\/style><div id=\"accordions-19956\" class=\"accordions accordions-themes flat accordions-19956\"><div id=\"0\" style=\"\" class=\"accordions-head head0\" toogle-text=\"THANKS\" main-text=\"THANKS\" ><div class=\"accordion-icons left accordion-plus fa fa-thumbs-up\"><\/div><div class=\"accordion-icons left accordion-minus fa fa-thumbs-o-up\"><\/div><div id=\"0\"    class=\"accordions-head-title\">THANKS<\/div><\/div><div class=\"accordion-content content0\"><table>\n<tbody>\n<tr>\n<td><img loading=\"lazy\" decoding=\"async\" class=\"size-full wp-image-19971\" src=\"https:\/\/www.antipodes.cafe\/wp-content\/uploads\/2017\/08\/logo_gondolinkluba.gif\" alt=\"GONDOLIN KLUB\" width=\"200\" height=\"100\" \/><\/td>\n<\/tr>\n<tr>\n<td><img loading=\"lazy\" decoding=\"async\" class=\"alignnone size-full wp-image-19979\" src=\"https:\/\/www.antipodes.cafe\/wp-content\/uploads\/2017\/08\/logo_gobierno-vasco.gif\" alt=\"\" width=\"300\" height=\"100\" \/><\/td>\n<\/tr>\n<tr>\n<td><img loading=\"lazy\" decoding=\"async\" class=\"alignnone size-full wp-image-19977\" src=\"https:\/\/www.antipodes.cafe\/wp-content\/uploads\/2017\/08\/logo_dss2016eu.gif\" alt=\"\" width=\"263\" height=\"100\" \/><img loading=\"lazy\" decoding=\"async\" class=\"alignnone size-full wp-image-19969\" src=\"https:\/\/www.antipodes.cafe\/wp-content\/uploads\/2017\/08\/logo_olatutalka.gif\" alt=\"\" width=\"100\" height=\"100\" \/><\/td>\n<\/tr>\n<tr>\n<td><img loading=\"lazy\" decoding=\"async\" class=\"alignnone size-full wp-image-19975\" src=\"https:\/\/www.antipodes.cafe\/wp-content\/uploads\/2017\/08\/logo_dss_ayuntamiento.gif\" alt=\"\" width=\"200\" height=\"100\" \/><img loading=\"lazy\" decoding=\"async\" class=\"alignnone size-full wp-image-19970\" src=\"https:\/\/www.antipodes.cafe\/wp-content\/uploads\/2017\/08\/logo_donostiakultura_small.gif\" alt=\"\" width=\"209\" height=\"100\" \/><img loading=\"lazy\" decoding=\"async\" class=\"alignnone size-full wp-image-19976\" src=\"https:\/\/www.antipodes.cafe\/wp-content\/uploads\/2017\/08\/logo_oca_200x100.gif\" alt=\"\" width=\"200\" height=\"100\" \/><\/td>\n<\/tr>\n<tr>\n<td><img loading=\"lazy\" decoding=\"async\" class=\"alignnone size-full wp-image-9924\" style=\"font-family: inherit; font-size: inherit;\" src=\"https:\/\/www.antipodes.cafe\/wp-content\/uploads\/2014\/05\/logo-ecovidrio-h100.jpg\" alt=\"\" width=\"185\" height=\"100\" \/><img loading=\"lazy\" decoding=\"async\" class=\"alignnone size-full wp-image-9919\" style=\"font-family: inherit; font-size: inherit;\" src=\"https:\/\/www.antipodes.cafe\/wp-content\/uploads\/2014\/05\/logo_ura-h-100.jpg\" alt=\"\" width=\"157\" height=\"100\" \/><img loading=\"lazy\" decoding=\"async\" class=\"alignnone size-full wp-image-9964\" style=\"font-family: inherit; font-size: inherit;\" src=\"https:\/\/www.antipodes.cafe\/wp-content\/uploads\/2013\/05\/logo-sanmarko.jpg\" alt=\"\" width=\"185\" height=\"100\" \/><img loading=\"lazy\" decoding=\"async\" class=\"alignnone size-full wp-image-19967\" style=\"font-family: inherit; font-size: inherit;\" src=\"https:\/\/www.antipodes.cafe\/wp-content\/uploads\/2017\/08\/logo_fcc.gif\" alt=\"\" width=\"118\" height=\"90\" \/><\/td>\n<\/tr>\n<tr>\n<td><img loading=\"lazy\" decoding=\"async\" class=\"alignnone size-full wp-image-19974\" src=\"https:\/\/www.antipodes.cafe\/wp-content\/uploads\/2017\/08\/logo_usandizaga-design.gif\" alt=\"\" width=\"200\" height=\"100\" \/><img loading=\"lazy\" decoding=\"async\" class=\"alignnone size-full wp-image-19968\" style=\"font-family: inherit; font-size: inherit;\" src=\"https:\/\/www.antipodes.cafe\/wp-content\/uploads\/2017\/08\/logo_puntodenda.gif\" alt=\"\" width=\"162\" height=\"90\" \/><img loading=\"lazy\" decoding=\"async\" class=\"alignnone size-full wp-image-19965\" style=\"font-family: inherit; font-size: inherit;\" src=\"https:\/\/www.antipodes.cafe\/wp-content\/uploads\/2017\/08\/logo_arteleku.gif\" alt=\"\" width=\"162\" height=\"90\" \/><\/td>\n<\/tr>\n<tr>\n<td><img loading=\"lazy\" decoding=\"async\" class=\"alignnone size-full wp-image-19455\" src=\"https:\/\/www.antipodes.cafe\/wp-content\/uploads\/2017\/03\/logo_spain-norge.png\" alt=\"\" width=\"200\" height=\"100\" \/><img loading=\"lazy\" decoding=\"async\" class=\"alignnone size-full wp-image-19450\" style=\"font-family: inherit; font-size: inherit;\" src=\"https:\/\/www.antipodes.cafe\/wp-content\/uploads\/2017\/03\/logo_aec.png\" alt=\"\" width=\"200\" height=\"100\" \/><img loading=\"lazy\" decoding=\"async\" class=\"alignnone size-full wp-image-8751\" style=\"font-family: inherit; font-size: inherit;\" src=\"https:\/\/www.antipodes.cafe\/wp-content\/uploads\/2014\/11\/logo_cce-mvd.jpg\" alt=\"\" width=\"185\" height=\"100\" \/><\/td>\n<\/tr>\n<tr>\n<td><\/td>\n<\/tr>\n<tr>\n<td><em>\u2014 Marcelo Diaz Rodr\u00edguez<\/em><br \/>\n<em>\u2013 Aitor Iturralde<\/em><br \/>\n<em>\u2013\u00a0I\u00f1igo Aristegui Tello<\/em><br \/>\n<em>\u2014\u00a0Aitor Sansinenea<br \/>\n\u2014\u00a0<\/em><em>Rafa Zulaika<br \/>\n\u2014 Ladis Rasla<br \/>\n<\/em><em>\u2014 Iker Tolosa<br \/>\n<\/em><em>\u2014 Itziar Aranburu<\/em><br \/>\n<em>\u2014 Jon Ander Garcia<br \/>\n<\/em><em>\u2014 Tytti Thusberg<br \/>\n<\/em><em>\u2014 Jone Pujana<\/em><br \/>\n<em>\u2014\u00a0Alina Petrychuck<br \/>\n<\/em><em>\u2014\u00a0Patricia Arruti<br \/>\n\u2014 Anartz Iturbe<br \/>\n\u2014 Nerea Otamendi<br \/>\n\u2014 Ane Zulaika<br \/>\n\u2014 Marcus Car\u00fas<br \/>\n\u2014 Alberto Nanclares da Veiga<\/p>\n<p>\u2014 Basurama<\/em><br \/>\n<em> \u2014 Colectivo Uruguay Basura Cero<\/em><br \/>\n<em> \u2014 Bienal Iberoamericana de Dise\u00f1o, dimad<\/em><\/td>\n<\/tr>\n<\/tbody>\n<\/table>\n<\/div><\/div><\/h4>\n","protected":false},"excerpt":{"rendered":"<p>En 2012, GONDOLIN KLUB &#8211;el primer club de SUP de Europa&#8211; comenz\u00f3 GARBIBAI como la primera carrera mundial de limpieza&hellip;<\/p>\n","protected":false},"author":11,"featured_media":0,"parent":0,"menu_order":0,"comment_status":"closed","ping_status":"closed","template":"","meta":{"ngg_post_thumbnail":0,"footnotes":""},"class_list":["post-20029","page","type-page","status-publish","hentry"],"_links":{"self":[{"href":"https:\/\/www.antipodes.cafe\/es\/wp-json\/wp\/v2\/pages\/20029","targetHints":{"allow":["GET"]}}],"collection":[{"href":"https:\/\/www.antipodes.cafe\/es\/wp-json\/wp\/v2\/pages"}],"about":[{"href":"https:\/\/www.antipodes.cafe\/es\/wp-json\/wp\/v2\/types\/page"}],"author":[{"embeddable":true,"href":"https:\/\/www.antipodes.cafe\/es\/wp-json\/wp\/v2\/users\/11"}],"replies":[{"embeddable":true,"href":"https:\/\/www.antipodes.cafe\/es\/wp-json\/wp\/v2\/comments?post=20029"}],"version-history":[{"count":2,"href":"https:\/\/www.antipodes.cafe\/es\/wp-json\/wp\/v2\/pages\/20029\/revisions"}],"predecessor-version":[{"id":20031,"href":"https:\/\/www.antipodes.cafe\/es\/wp-json\/wp\/v2\/pages\/20029\/revisions\/20031"}],"wp:attachment":[{"href":"https:\/\/www.antipodes.cafe\/es\/wp-json\/wp\/v2\/media?parent=20029"}],"curies":[{"name":"wp","href":"https:\/\/api.w.org\/{rel}","templated":true}]}}