{"id":12128,"date":"2017-03-06T15:55:59","date_gmt":"2017-03-06T14:55:59","guid":{"rendered":"https:\/\/www.antipodes.cafe\/pingpongonorge\/"},"modified":"2025-03-10T09:53:02","modified_gmt":"2025-03-10T08:53:02","slug":"pingpongonorge","status":"publish","type":"page","link":"https:\/\/www.antipodes.cafe\/es\/pingpongonorge\/","title":{"rendered":"PINGPONGO"},"content":{"rendered":"<p>Deporte no ol\u00edmpico que consiste en la variaci\u00f3n del tenis de mesa, al agregarle obst\u00e1culos f\u00edsicos y\/o mentales.<\/p>\n<p>Se practica de forma oficial y regulado desde 2010, cuando se forma la Asociaci\u00f3n Argentina de Pingpong con Obst\u00e1culos y con ella el nombre y el primer reglamento. Luego en 2012 ellos desarrollan un torneo en Guatemala y alguna que otra presentaci\u00f3n de este deporte en Chile. En 2013 se suman Uruguay y Noruega como sedes oficiales, a cargo de la Asociaci\u00f3n Oriental de Pingpong con Obst\u00e1culos y antipodes caf\u00e9 respectivamente. As\u00ed, en 2014 el reglamento es corregido y modificado y surge el PINGPONGO BOARD, organismo conformado por miembros de cada sede que rige el deporte de forma internacional. Ese a\u00f1o tambi\u00e9n se desarrollan torneos en Brasil, Espa\u00f1a, Gales y El Pa\u00eds Vasco.<\/p>\n<p>Pero el verdadero origen de este deporte conceptual es incierto, e incluso puede ser previo al del tenis de mesa. Ejemplos sobran por el mundo, de Orozco y Fluxus\u2026\u00a0hasta Bill Gates, y tambi\u00e9n aquellos partidos llenos de obst\u00e1culos intangibles en tiempos de Mao y Nixon, pero no olvidemos los di\u00e1logos de Plat\u00f3n. El origen es claramente indefinido, pero su futuro es brillante.<br \/>\n\u2014<br \/>\n<em>\u00abTodo lo que no es tenis de mesa es PINGPONGO\u00bb <\/em>como bien indica el reglamento, significa que no hay necesidad de contar con una mesa espec\u00edfica, ni paletas, ni siquiera red o pelotas para jugar a este deporte, tan pronto como exista m\u00e1s de un participante, algo pueda ir de uno a otro y se defina previamente un sistema de puntuaci\u00f3n.<\/p>\n","protected":false},"excerpt":{"rendered":"<p>Deporte no ol\u00edmpico que consiste en la variaci\u00f3n del tenis de mesa, al agregarle obst\u00e1culos f\u00edsicos y\/o mentales. Se practica&hellip;<\/p>\n","protected":false},"author":11,"featured_media":0,"parent":0,"menu_order":0,"comment_status":"closed","ping_status":"closed","template":"","meta":{"ngg_post_thumbnail":0,"footnotes":""},"class_list":["post-12128","page","type-page","status-publish","hentry"],"_links":{"self":[{"href":"https:\/\/www.antipodes.cafe\/es\/wp-json\/wp\/v2\/pages\/12128","targetHints":{"allow":["GET"]}}],"collection":[{"href":"https:\/\/www.antipodes.cafe\/es\/wp-json\/wp\/v2\/pages"}],"about":[{"href":"https:\/\/www.antipodes.cafe\/es\/wp-json\/wp\/v2\/types\/page"}],"author":[{"embeddable":true,"href":"https:\/\/www.antipodes.cafe\/es\/wp-json\/wp\/v2\/users\/11"}],"replies":[{"embeddable":true,"href":"https:\/\/www.antipodes.cafe\/es\/wp-json\/wp\/v2\/comments?post=12128"}],"version-history":[{"count":4,"href":"https:\/\/www.antipodes.cafe\/es\/wp-json\/wp\/v2\/pages\/12128\/revisions"}],"predecessor-version":[{"id":37137,"href":"https:\/\/www.antipodes.cafe\/es\/wp-json\/wp\/v2\/pages\/12128\/revisions\/37137"}],"wp:attachment":[{"href":"https:\/\/www.antipodes.cafe\/es\/wp-json\/wp\/v2\/media?parent=12128"}],"curies":[{"name":"wp","href":"https:\/\/api.w.org\/{rel}","templated":true}]}}